{"id":234690,"date":"2024-03-21T17:23:48","date_gmt":"2024-03-21T17:23:48","guid":{"rendered":"https:\/\/teksmed.com\/?page_id=234690"},"modified":"2026-04-01T13:19:10","modified_gmt":"2026-04-01T13:19:10","slug":"our-process","status":"publish","type":"page","link":"https:\/\/teksmed.com\/fr\/our-process\/","title":{"rendered":"Notre processus"},"content":{"rendered":"<div class=\"et_pb_section_0 et_pb_section et_section_regular et_block_section\"><div class=\"et_pb_row_0 et_pb_row et_pb_equal_columns et_block_row\"><div class=\"et_pb_column_0 et_pb_column et_pb_column_2_3 et_block_column et_pb_css_mix_blend_mode_passthrough\"><div class=\"et_pb_text_0 et_pb_text et_pb_bg_layout_light et_pb_module et_block_module\"><div class=\"et_pb_text_inner\"><h2>Processus TeksMed<\/h2>\n<\/div><\/div><div class=\"et_pb_text_1 et_pb_text et_pb_bg_layout_light et_pb_module et_block_module\"><div class=\"et_pb_text_inner\"><p>Lorsqu'un client confie \u00e0 TeksMed la gestion de ses demandes d'invalidit\u00e9, nous honorons cette confiance en fournissant les meilleurs r\u00e9sultats possibles tout au long de notre partenariat.<\/p>\n<p>Notre strat\u00e9gie de collaboration commence par un examen des ressources et des processus existants en mati\u00e8re de retour au travail. TeksMed adapte ses programmes aux besoins uniques et \u00e0 la structure organisationnelle de chaque client, en acqu\u00e9rant une compr\u00e9hension profonde des nuances de leurs activit\u00e9s et en employant les m\u00e9thodologies \u00e9prouv\u00e9es qui sont pr\u00e9conis\u00e9es dans le secteur en question.<\/p>\n<\/div><\/div><div class=\"et_pb_module et_pb_button_module_wrapper et_pb_button_0_wrapper\"><a class=\"et_pb_button_0 et_pb_button et_pb_bg_layout_light et_pb_module et_block_module\" href=\"https:\/\/teksmed.com\/fr\/contact\/\">Contacter TeksMed<\/a><\/div><\/div><div class=\"et_pb_column_1 et_pb_column et_pb_column_1_3 et-last-child et_block_column et_pb_column_empty et_pb_css_mix_blend_mode_passthrough\"><\/div><\/div><\/div><div class=\"et_pb_section_1 et_pb_section et_section_regular et_block_section\"><div class=\"et_pb_row_1 et_pb_row et_block_row\"><div class=\"et_pb_column_2 et_pb_column et_pb_column_4_4 et-last-child et_block_column et_pb_css_mix_blend_mode_passthrough\"><div class=\"et_pb_text_2 et_pb_text et_pb_bg_layout_light et_pb_module et_block_module\"><div class=\"et_pb_text_inner\"><h2>L'approche multicouche de TeksMed<\/h2>\n<\/div><\/div><\/div><\/div><div class=\"et_pb_row_2 et_pb_row et_block_row\"><div class=\"et_pb_column_3 et_pb_column et_pb_column_1_3 et_block_column et_pb_css_mix_blend_mode_passthrough\"><div class=\"et_pb_blurb_0 et_pb_blurb et_pb_bg_layout_light et_pb_blurb_position_top et_animated et_pb_module et_block_module\"><div class=\"et_pb_blurb_content\"><div class=\"et_pb_main_blurb_image\"><span class=\"et_pb_image_wrap et_pb_only_image_mode_wrap\"><img decoding=\"async\" data-src=\"https:\/\/teksmed.com\/wp-content\/uploads\/2024\/05\/checklist.png\" width=\"256\" height=\"256\" data-srcset=\"https:\/\/teksmed.com\/wp-content\/uploads\/2024\/05\/checklist.png 256w, https:\/\/teksmed.com\/wp-content\/uploads\/2024\/05\/checklist-150x150.png 150w\" data-sizes=\"(max-width: 256px) 100vw, 256px\" class=\"et-waypoint et_pb_animation_top et_pb_animation_top_tablet et_pb_animation_top_phone wp-image-235632 lazyload\" src=\"data:image\/svg+xml;base64,PHN2ZyB3aWR0aD0iMSIgaGVpZ2h0PSIxIiB4bWxucz0iaHR0cDovL3d3dy53My5vcmcvMjAwMC9zdmciPjwvc3ZnPg==\" style=\"--smush-placeholder-width: 256px; --smush-placeholder-aspect-ratio: 256\/256;\" \/><\/span><\/div><div class=\"et_pb_blurb_container\"><h3 class=\"et_pb_module_header\">Des processus clairs<\/h3><div class=\"et_pb_blurb_description\"><p>TeksMed collabore avec ses clients pour d\u00e9velopper des programmes sur mesure qui sont fiables, intuitifs et efficaces. Nous nous effor\u00e7ons de nous int\u00e9grer dans les activit\u00e9s de nos clients, devenant ainsi une extension de leur propre \u00e9quipe.<\/p>\n<\/div><\/div><\/div><\/div><\/div><div class=\"et_pb_column_4 et_pb_column et_pb_column_1_3 et_block_column et_pb_css_mix_blend_mode_passthrough\"><div class=\"et_pb_blurb_1 et_pb_blurb et_pb_bg_layout_light et_pb_blurb_position_top et_animated et_pb_module et_block_module\"><div class=\"et_pb_blurb_content\"><div class=\"et_pb_main_blurb_image\"><span class=\"et_pb_image_wrap et_pb_only_image_mode_wrap\"><img decoding=\"async\" data-src=\"https:\/\/teksmed.com\/wp-content\/uploads\/2024\/04\/best-seller.png\" width=\"256\" height=\"256\" data-srcset=\"https:\/\/teksmed.com\/wp-content\/uploads\/2024\/04\/best-seller.png 256w, https:\/\/teksmed.com\/wp-content\/uploads\/2024\/04\/best-seller-150x150.png 150w\" data-sizes=\"(max-width: 256px) 100vw, 256px\" class=\"et-waypoint et_pb_animation_top et_pb_animation_top_tablet et_pb_animation_top_phone wp-image-234826 lazyload\" src=\"data:image\/svg+xml;base64,PHN2ZyB3aWR0aD0iMSIgaGVpZ2h0PSIxIiB4bWxucz0iaHR0cDovL3d3dy53My5vcmcvMjAwMC9zdmciPjwvc3ZnPg==\" style=\"--smush-placeholder-width: 256px; --smush-placeholder-aspect-ratio: 256\/256;\" \/><\/span><\/div><div class=\"et_pb_blurb_container\"><h3 class=\"et_pb_module_header\">Meilleures pratiques<\/h3><div class=\"et_pb_blurb_description\"><p>30 ans d'exp\u00e9rience garantissent que TeksMed et son \u00e9quipe charg\u00e9e des demandes d'indemnisation disposent des connaissances et des comp\u00e9tences n\u00e9cessaires pour obtenir les r\u00e9sultats les plus favorables en mati\u00e8re de retour au travail.<\/p>\n<\/div><\/div><\/div><\/div><\/div><div class=\"et_pb_column_5 et_pb_column et_pb_column_1_3 et-last-child et_block_column et_pb_css_mix_blend_mode_passthrough\"><div class=\"et_pb_blurb_2 et_pb_blurb et_pb_bg_layout_light et_pb_blurb_position_top et_animated et_pb_module et_block_module\"><div class=\"et_pb_blurb_content\"><div class=\"et_pb_main_blurb_image\"><span class=\"et_pb_image_wrap et_pb_only_image_mode_wrap\"><img decoding=\"async\" data-src=\"https:\/\/teksmed.com\/wp-content\/uploads\/2024\/04\/process.png\" width=\"256\" height=\"256\" data-srcset=\"https:\/\/teksmed.com\/wp-content\/uploads\/2024\/04\/process.png 256w, https:\/\/teksmed.com\/wp-content\/uploads\/2024\/04\/process-150x150.png 150w\" data-sizes=\"(max-width: 256px) 100vw, 256px\" class=\"et-waypoint et_pb_animation_top et_pb_animation_top_tablet et_pb_animation_top_phone wp-image-234832 lazyload\" src=\"data:image\/svg+xml;base64,PHN2ZyB3aWR0aD0iMSIgaGVpZ2h0PSIxIiB4bWxucz0iaHR0cDovL3d3dy53My5vcmcvMjAwMC9zdmciPjwvc3ZnPg==\" style=\"--smush-placeholder-width: 256px; --smush-placeholder-aspect-ratio: 256\/256;\" \/><\/span><\/div><div class=\"et_pb_blurb_container\"><h3 class=\"et_pb_module_header\">Strat\u00e9gie proactive<\/h3><div class=\"et_pb_blurb_description\"><p>L'intervention pr\u00e9coce est la cl\u00e9 d'un programme de gestion de l'invalidit\u00e9 r\u00e9ussi et constitue le fondement des strat\u00e9gies de retour au travail de TeksMed. Notre \u00e9quipe charg\u00e9e des demandes d\u2019indemnisation intervient le plus t\u00f4t possible pour limiter les pertes de temps de travail avant qu'elles ne se produisent.<\/p>\n<\/div><\/div><\/div><\/div><\/div><\/div><div class=\"et_pb_row_3 et_pb_row et_block_row\"><div class=\"et_pb_column_6 et_pb_column et_pb_column_1_2 et_block_column et_pb_css_mix_blend_mode_passthrough\"><div class=\"et_pb_blurb_3 et_pb_blurb et_pb_bg_layout_light et_pb_blurb_position_top et_animated et_pb_module et_block_module\"><div class=\"et_pb_blurb_content\"><div class=\"et_pb_main_blurb_image\"><span class=\"et_pb_image_wrap et_pb_only_image_mode_wrap\"><img decoding=\"async\" data-src=\"https:\/\/teksmed.com\/wp-content\/uploads\/2024\/04\/network.png\" width=\"256\" height=\"256\" data-srcset=\"https:\/\/teksmed.com\/wp-content\/uploads\/2024\/04\/network.png 256w, https:\/\/teksmed.com\/wp-content\/uploads\/2024\/04\/network-150x150.png 150w\" data-sizes=\"(max-width: 256px) 100vw, 256px\" class=\"et-waypoint et_pb_animation_top et_pb_animation_top_tablet et_pb_animation_top_phone wp-image-234831 lazyload\" src=\"data:image\/svg+xml;base64,PHN2ZyB3aWR0aD0iMSIgaGVpZ2h0PSIxIiB4bWxucz0iaHR0cDovL3d3dy53My5vcmcvMjAwMC9zdmciPjwvc3ZnPg==\" style=\"--smush-placeholder-width: 256px; --smush-placeholder-aspect-ratio: 256\/256;\" \/><\/span><\/div><div class=\"et_pb_blurb_container\"><h3 class=\"et_pb_module_header\">Infrastructure num\u00e9rique<\/h3><div class=\"et_pb_blurb_description\"><p>TeksMed offre une solution enti\u00e8rement num\u00e9rique qui comprend la production rapide de rapports en ligne, l\u2019acc\u00e8s aux propositions de descriptions de t\u00e2ches modifi\u00e9es et aux formulaires m\u00e9dicaux sur support \u00e9lectronique, un syst\u00e8me de gestion des demandes d\u2019indemnisation robuste, et plus encore.<\/p>\n<\/div><\/div><\/div><\/div><\/div><div class=\"et_pb_column_7 et_pb_column et_pb_column_1_2 et-last-child et_block_column et_pb_css_mix_blend_mode_passthrough\"><div class=\"et_pb_blurb_4 et_pb_blurb et_pb_bg_layout_light et_pb_blurb_position_top et_animated et_pb_module et_block_module\"><div class=\"et_pb_blurb_content\"><div class=\"et_pb_main_blurb_image\"><span class=\"et_pb_image_wrap et_pb_only_image_mode_wrap\"><img decoding=\"async\" data-src=\"https:\/\/teksmed.com\/wp-content\/uploads\/2024\/04\/hospital.png\" width=\"256\" height=\"256\" data-srcset=\"https:\/\/teksmed.com\/wp-content\/uploads\/2024\/04\/hospital.png 256w, https:\/\/teksmed.com\/wp-content\/uploads\/2024\/04\/hospital-150x150.png 150w\" data-sizes=\"(max-width: 256px) 100vw, 256px\" class=\"et-waypoint et_pb_animation_top et_pb_animation_top_tablet et_pb_animation_top_phone wp-image-234828 lazyload\" src=\"data:image\/svg+xml;base64,PHN2ZyB3aWR0aD0iMSIgaGVpZ2h0PSIxIiB4bWxucz0iaHR0cDovL3d3dy53My5vcmcvMjAwMC9zdmciPjwvc3ZnPg==\" style=\"--smush-placeholder-width: 256px; --smush-placeholder-aspect-ratio: 256\/256;\" \/><\/span><\/div><div class=\"et_pb_blurb_container\"><h3 class=\"et_pb_module_header\">Soins de sant\u00e9 acc\u00e9l\u00e9r\u00e9s<\/h3><div class=\"et_pb_blurb_description\"><p>Lorsqu'un travailleur est bless\u00e9 et que les d\u00e9lais d'attente pour un diagnostic ou un rendez-vous chez un sp\u00e9cialiste entra\u00eenent des retards, TeksMed utilise son vaste r\u00e9seau de prestataires de soins de sant\u00e9 pour que le travailleur soit examin\u00e9 en quelques jours, et non en quelques mois.<\/p>\n<\/div><\/div><\/div><\/div><\/div><\/div><\/div>","protected":false},"excerpt":{"rendered":"","protected":false},"author":3,"featured_media":0,"parent":0,"menu_order":0,"comment_status":"closed","ping_status":"closed","template":"","meta":{"footnotes":""},"class_list":["post-234690","page","type-page","status-publish","hentry"],"_links":{"self":[{"href":"https:\/\/teksmed.com\/fr\/wp-json\/wp\/v2\/pages\/234690","targetHints":{"allow":["GET"]}}],"collection":[{"href":"https:\/\/teksmed.com\/fr\/wp-json\/wp\/v2\/pages"}],"about":[{"href":"https:\/\/teksmed.com\/fr\/wp-json\/wp\/v2\/types\/page"}],"author":[{"embeddable":true,"href":"https:\/\/teksmed.com\/fr\/wp-json\/wp\/v2\/users\/3"}],"replies":[{"embeddable":true,"href":"https:\/\/teksmed.com\/fr\/wp-json\/wp\/v2\/comments?post=234690"}],"version-history":[{"count":1,"href":"https:\/\/teksmed.com\/fr\/wp-json\/wp\/v2\/pages\/234690\/revisions"}],"predecessor-version":[{"id":237892,"href":"https:\/\/teksmed.com\/fr\/wp-json\/wp\/v2\/pages\/234690\/revisions\/237892"}],"wp:attachment":[{"href":"https:\/\/teksmed.com\/fr\/wp-json\/wp\/v2\/media?parent=234690"}],"curies":[{"name":"wp","href":"https:\/\/api.w.org\/{rel}","templated":true}]}}