{"id":235323,"date":"2024-04-14T18:45:21","date_gmt":"2024-04-14T18:45:21","guid":{"rendered":"https:\/\/teksmed.com\/?page_id=235323"},"modified":"2026-04-01T13:19:12","modified_gmt":"2026-04-01T13:19:12","slug":"privacy-policy","status":"publish","type":"page","link":"https:\/\/teksmed.com\/fr\/privacy-policy\/","title":{"rendered":"Politique de confidentialit\u00e9"},"content":{"rendered":"<div class=\"et_pb_section_0 et_pb_section et_section_regular et_block_section\"><div class=\"et_pb_row_0 et_pb_row et_pb_equal_columns et_block_row\"><div class=\"et_pb_column_0 et_pb_column et_pb_column_1_2 et_block_column et_pb_css_mix_blend_mode_passthrough et_animated\"><div class=\"et_pb_text_0 et_pb_text et_pb_bg_layout_light et_pb_module et_block_module\"><\/div><\/div><div class=\"et_pb_column_1 et_pb_column et_pb_column_1_2 et-last-child et_block_column et_pb_css_mix_blend_mode_passthrough\"><div class=\"et_pb_text_1 et_pb_text et_pb_bg_layout_light et_pb_module et_block_module\"><div class=\"et_pb_text_inner\"><h2>Politique de confidentialit\u00e9<\/h2>\n<\/div><\/div><div class=\"et_pb_text_2 et_pb_text et_pb_bg_layout_light et_pb_module et_block_module\"><div class=\"et_pb_text_inner\"><p><strong>Date d'entr\u00e9e en vigueur : 7 novembre 2024<\/strong><\/p>\n<p><span>TeksMed Services Inc. (\u00ab nous \u00bb ou \u00ab notre \u00bb) exploite le site web <a href=\"https:\/\/teksmed.com\/fr\/\">www.teksmed.com<\/a> (le \u00ab service \u00bb).<\/span><\/p>\n<p><span>Nous nous engageons \u00e0 prot\u00e9ger vos informations personnelles et \u00e0 garantir la transparence sur la mani\u00e8re dont vos donn\u00e9es sont collect\u00e9es, utilis\u00e9es et prot\u00e9g\u00e9es. En utilisant le service, vous consentez \u00e0 la collecte et \u00e0 l'utilisation des informations conform\u00e9ment \u00e0 la pr\u00e9sente politique de confidentialit\u00e9. Sauf d\u00e9finition contraire, les termes utilis\u00e9s dans la pr\u00e9sente politique de confidentialit\u00e9 ont la m\u00eame signification que dans nos conditions g\u00e9n\u00e9rales, accessibles \u00e0 l'adresse suivante <a href=\"https:\/\/teksmed.com\/fr\/\">www.teksmed.com<\/a>.<\/span><\/p>\n<\/div><\/div><\/div><\/div><\/div><div class=\"et_pb_section_1 et_pb_section et_section_regular et_block_section\"><div class=\"et_pb_row_1 et_pb_row et_block_row\"><div class=\"et_pb_column_2 et_pb_column et_pb_column_4_4 et-last-child et_block_column et_pb_css_mix_blend_mode_passthrough\"><div class=\"et_pb_text_3 et_pb_text et_pb_bg_layout_light et_pb_module et_block_module\"><div class=\"et_pb_text_inner\"><p><strong><span>Collecte et utilisation des informations<\/span><\/strong><\/p>\n<p><span>Nous recueillons divers types d'informations \u00e0 des fins diff\u00e9rentes afin de vous fournir et d'am\u00e9liorer notre service.<\/span><\/p>\n<p><strong><span>Types de donn\u00e9es collect\u00e9es<\/span><\/strong><\/p>\n<p><strong><span>Donn\u00e9es personnelles<\/span><\/strong><span><br \/>Lorsque vous utilisez notre service, nous pouvons vous demander de fournir certains renseignements\npersonnels (\"donn\u00e9es personnelles\") afin de vous contacter ou de vous identifier. Il peut s'agir, entre autres, des \u00e9l\u00e9ments suivants :<\/span><\/p>\n<ul>\n<li><span>Adresse \u00e9lectronique<\/span><\/li>\n<li><span>Pr\u00e9nom et nom de famille<\/span><\/li>\n<li><span>Num\u00e9ro de t\u00e9l\u00e9phone<\/span><\/li>\n<li><span>Cookies et donn\u00e9es d'utilisation<\/span><\/li>\n<\/ul>\n<p><strong><span>Donn\u00e9es d'utilisation<\/span><\/strong><span><br \/>Nous pouvons \u00e9galement collecter des informations sur la mani\u00e8re dont le service est consult\u00e9 et utilis\u00e9 (\"donn\u00e9es d'utilisation\"), qui peuvent inclure :<\/span><\/p>\n<ul>\n<li><span>L\u2019adresse IP de votre ordinateur<\/span><\/li>\n<li><span>Le type et la version du navigateur<\/span><\/li>\n<li><span>Les pages que vous visitez sur notre service<\/span><\/li>\n<li><span>L'heure et la date de votre visite<\/span><\/li>\n<li><span>Le temps pass\u00e9 sur chaque page<\/span><\/li>\n<li><span>L\u2019identificateur unique des appareils<\/span><\/li>\n<li><span>D\u2019autres donn\u00e9es de diagnostic<\/span><\/li>\n<\/ul>\n<p><span>\u00a0<\/span><strong><span>Utilisation des donn\u00e9es<\/span><\/strong><\/p>\n<p><span>TeksMed Services Inc. utilise les donn\u00e9es collect\u00e9es pour :<\/span><\/p>\n<ul>\n<li><span>Fournir et maintenir le service<\/span><\/li>\n<li><span>Communiquer des mises \u00e0 jour sur le service<\/span><\/li>\n<li><span>Permettre des fonctions interactives du service<\/span><\/li>\n<li><span>Fournir un soutien \u00e0 la client\u00e8le<\/span><\/li>\n<li><span>Analyser l'utilisation afin d'am\u00e9liorer le service<\/span><\/li>\n<li><span>Faire le suivi des questions techniques et garantir la s\u00e9curit\u00e9<\/span><\/li>\n<\/ul>\n<p><span>\u00a0<\/span><strong><span>Transfert de donn\u00e9es<\/span><\/strong><\/p>\n<p><span>Vos donn\u00e9es personnelles peuvent \u00eatre transf\u00e9r\u00e9es et stock\u00e9es sur des ordinateurs situ\u00e9s en dehors de votre \u00c9tat, province ou pays, o\u00f9 les lois sur la protection des donn\u00e9es peuvent diff\u00e9rer de votre juridiction. En soumettant vos informations, vous consentez \u00e0 ce transfert.<\/span><\/p>\n<p><span>TeksMed Services Inc. s'assure que vos donn\u00e9es sont trait\u00e9es en toute s\u00e9curit\u00e9 et conform\u00e9ment \u00e0 la pr\u00e9sente politique de confidentialit\u00e9, et qu\u2019aucun transfert n'aura lieu sans que des garanties ad\u00e9quates soient mises en place.<\/span><\/p>\n<p><span>\u00a0<\/span><strong><span>Divulgation des donn\u00e9es<\/span><\/strong><\/p>\n<p><span>Nous pouvons divulguer vos donn\u00e9es personnelles lorsque cela est n\u00e9cessaire pour :<\/span><\/p>\n<ul>\n<li><span>Respecter les obligations l\u00e9gales<\/span><\/li>\n<li><span>Prot\u00e9ger et d\u00e9fendre les droits et les biens de TeksMed Services Inc.<\/span><\/li>\n<li><span>Pr\u00e9venir ou enqu\u00eater sur d'\u00e9ventuels actes r\u00e9pr\u00e9hensibles<\/span><\/li>\n<li><span>Prot\u00e9ger la s\u00e9curit\u00e9 des utilisateurs du service ou du public<\/span><\/li>\n<li><span>Prot\u00e9ger contre la responsabilit\u00e9 juridique<\/span><\/li>\n<\/ul>\n<p><span>\u00a0<\/span><strong><span>S\u00e9curit\u00e9 des donn\u00e9es<\/span><\/strong><\/p>\n<p><span>Nous mettons en \u0153uvre des mesures commercialement raisonnables pour prot\u00e9ger vos donn\u00e9es, mais nous ne pouvons pas garantir leur s\u00e9curit\u00e9 absolue en raison des risques inh\u00e9rents \u00e0 la transmission et au stockage de donn\u00e9es en ligne.<\/span><\/p>\n<p><span>\u00a0<\/span><strong><span>Prestataires de services<\/span><\/strong><\/p>\n<p><span>Nous pouvons faire appel \u00e0 des prestataires de services tiers pour faciliter notre service, fournir des services connexes ou contribuer \u00e0 l'analyse de son utilisation. Ces prestataires de services n'auront acc\u00e8s \u00e0 vos donn\u00e9es que pour effectuer ces t\u00e2ches en notre nom et sont contractuellement tenus d'en pr\u00e9server la confidentialit\u00e9.<\/span><\/p>\n<p><span>\u00a0<\/span><strong><span>Analyse<\/span><\/strong><span><br \/>Nous pouvons utiliser des outils tels que Google Analytics pour contr\u00f4ler et analyser l'utilisation du service. Pour plus de d\u00e9tails, consultez la politique de confidentialit\u00e9 de Google : <a href=\"https:\/\/policies.google.com\/privacy\">R\u00e8gles de confidentialit\u00e9 de Google<\/a>.<\/span><\/p>\n<p><span>\u00a0<\/span><strong><span>Liens vers d'autres sites<\/span><\/strong><\/p>\n<p><span>Notre service peut contenir des liens vers des sites web externes. Nous ne sommes pas responsables des pratiques en mati\u00e8re de protection de la vie priv\u00e9e ou du contenu des sites web de tiers et nous vous encourageons \u00e0 consulter leurs politiques en mati\u00e8re de protection de la vie priv\u00e9e.<\/span><\/p>\n<p><span>\u00a0<\/span><strong><span>Vie priv\u00e9e des enfants<\/span><\/strong><\/p>\n<p><span>Notre service n'est pas destin\u00e9 aux personnes de moins de 18 ans. Nous ne collectons pas sciemment des donn\u00e9es concernant des enfants. Si nous apprenons que les donn\u00e9es d'un enfant ont \u00e9t\u00e9 collect\u00e9es sans le consentement de ses parents, nous les supprimerons.<\/span><\/p>\n<p><span>\u00a0<\/span><strong><span>Droits d'acc\u00e8s<\/span><\/strong><\/p>\n<p><span>Vous avez le droit de demander l'acc\u00e8s \u00e0 toutes les informations personnelles que nous d\u00e9tenons \u00e0 votre sujet. Sur demande, nous vous fournirons des d\u00e9tails sur :<\/span><\/p>\n<ul>\n<li><span>Les types de donn\u00e9es que nous avons collect\u00e9es<\/span><\/li>\n<li><span>Les finalit\u00e9s pour lesquelles elles sont utilis\u00e9es<\/span><\/li>\n<li><span>Les parties avec lesquelles les informations ont pu \u00eatre partag\u00e9es<\/span><\/li>\n<\/ul>\n<p><span>Pour soumettre une demande, veuillez nous contacter \u00e0 l'adresse suivante : info@teksmed.com.<\/span><\/p>\n<p><span>\u00a0<\/span><strong><span>Politique de conservation<\/span><\/strong><\/p>\n<p><span>Nous conservons vos donn\u00e9es personnelles aussi longtemps que n\u00e9cessaire pour atteindre les objectifs pour lesquels elles ont \u00e9t\u00e9 collect\u00e9es et pour nous conformer aux exigences l\u00e9gales et r\u00e9soudre les litiges.<\/span><\/p>\n<p><span>Lorsque vos donn\u00e9es ne sont plus n\u00e9cessaires, elles sont supprim\u00e9es en toute s\u00e9curit\u00e9 ou rendues anonymes. Vous pouvez \u00e9galement demander \u00e0 ce que vos donn\u00e9es soient supprim\u00e9es \u00e0 tout moment en nous contactant \u00e0 l'adresse info@teksmed.com.<\/span><\/p>\n<p><span>\u00a0<\/span><strong><span>Modifications de la pr\u00e9sente politique de confidentialit\u00e9<\/span><\/strong><\/p>\n<p><span>La pr\u00e9sente politique de confidentialit\u00e9 peut \u00eatre mise \u00e0 jour p\u00e9riodiquement pour refl\u00e9ter les changements apport\u00e9s \u00e0 nos pratiques ou pour d'autres raisons op\u00e9rationnelles, juridiques ou r\u00e9glementaires. Toutes les mises \u00e0 jour seront publi\u00e9es sur cette page et nous vous encourageons \u00e0 consulter r\u00e9guli\u00e8rement la pr\u00e9sente politique de confidentialit\u00e9.<\/span><\/p>\n<p><span>\u00a0<\/span><strong><span>Nous contacter<\/span><\/strong><\/p>\n<p><span>Pour toute question concernant la pr\u00e9sente politique de confidentialit\u00e9 ou vos donn\u00e9es personnelles, veuillez nous contacter :<\/span><\/p>\n<ul>\n<li><strong><span>Courriel :<\/span><\/strong><span> info@teksmed.com<\/span><\/li>\n<li><strong><span>Num\u00e9ro sans frais :<\/span><\/strong><span> 1 877 850-1021<\/span><\/li>\n<\/ul>\n<\/div><\/div><\/div><\/div><\/div>","protected":false},"excerpt":{"rendered":"","protected":false},"author":3,"featured_media":0,"parent":0,"menu_order":0,"comment_status":"closed","ping_status":"closed","template":"","meta":{"footnotes":""},"class_list":["post-235323","page","type-page","status-publish","hentry"],"_links":{"self":[{"href":"https:\/\/teksmed.com\/fr\/wp-json\/wp\/v2\/pages\/235323","targetHints":{"allow":["GET"]}}],"collection":[{"href":"https:\/\/teksmed.com\/fr\/wp-json\/wp\/v2\/pages"}],"about":[{"href":"https:\/\/teksmed.com\/fr\/wp-json\/wp\/v2\/types\/page"}],"author":[{"embeddable":true,"href":"https:\/\/teksmed.com\/fr\/wp-json\/wp\/v2\/users\/3"}],"replies":[{"embeddable":true,"href":"https:\/\/teksmed.com\/fr\/wp-json\/wp\/v2\/comments?post=235323"}],"version-history":[{"count":3,"href":"https:\/\/teksmed.com\/fr\/wp-json\/wp\/v2\/pages\/235323\/revisions"}],"predecessor-version":[{"id":237893,"href":"https:\/\/teksmed.com\/fr\/wp-json\/wp\/v2\/pages\/235323\/revisions\/237893"}],"wp:attachment":[{"href":"https:\/\/teksmed.com\/fr\/wp-json\/wp\/v2\/media?parent=235323"}],"curies":[{"name":"wp","href":"https:\/\/api.w.org\/{rel}","templated":true}]}}