{"id":235380,"date":"2024-04-15T04:23:37","date_gmt":"2024-04-15T04:23:37","guid":{"rendered":"https:\/\/teksmed.com\/?page_id=235380"},"modified":"2026-04-01T13:19:16","modified_gmt":"2026-04-01T13:19:16","slug":"quikcare-mental-wellness","status":"publish","type":"page","link":"https:\/\/teksmed.com\/fr\/quikcare-mental-wellness\/","title":{"rendered":"QuikCare Mental Wellness"},"content":{"rendered":"<div class=\"et_pb_section_0 et_pb_section et_section_regular et_block_section\"><div class=\"et_pb_row_0 et_pb_row et_pb_equal_columns et_block_row\"><div class=\"et_pb_column_0 et_pb_column et_pb_column_2_3 et_block_column et_pb_css_mix_blend_mode_passthrough\"><div class=\"et_pb_text_0 et_pb_text et_pb_bg_layout_light et_pb_module et_block_module\"><div class=\"et_pb_text_inner\"><h2>QuikCare Mental Wellness<\/h2>\n<\/div><\/div><div class=\"et_pb_text_1 et_pb_text et_pb_bg_layout_light et_pb_module et_block_module\"><div class=\"et_pb_text_inner\"><p>You're amazing... we want you to stay that way.<\/p>\n<p>Le programme de bien-\u00eatre mental QuikCare a \u00e9t\u00e9 con\u00e7u pour am\u00e9liorer le bien-\u00eatre fonctionnel, ce qui permet de r\u00e9duire les absences et d'am\u00e9liorer la qualit\u00e9 de vie. En mettant en place un acc\u00e8s rapide \u00e0 la th\u00e9rapie cognitivo-comportementale (TCC), nous nous assurons que les employ\u00e9s b\u00e9n\u00e9ficient d'un traitement psychologique efficace qui am\u00e9liorera et maintiendra leur sant\u00e9 mentale globale. Le programme de TCC guid\u00e9 par un th\u00e9rapeute est dispens\u00e9 virtuellement dans le confort et l'intimit\u00e9 du domicile de l'employ\u00e9 pendant une p\u00e9riode pouvant aller jusqu'\u00e0 12 semaines.<\/p>\n<\/div><\/div><div class=\"et_pb_module et_pb_button_module_wrapper et_pb_button_0_wrapper\"><a class=\"et_pb_button_0 et_pb_button et_pb_bg_layout_light et_pb_module et_block_module\" href=\"https:\/\/teksmed.com\/fr\/contact\/\">Contacter TeksMed<\/a><\/div><\/div><div class=\"et_pb_column_1 et_pb_column et_pb_column_1_3 et-last-child et_block_column et_pb_column_empty et_pb_css_mix_blend_mode_passthrough\"><\/div><\/div><\/div><div class=\"et_pb_section_1 et_pb_section et_section_regular et_block_section\"><div class=\"et_pb_row_1 et_pb_row et_block_row\"><div class=\"et_pb_column_2 et_pb_column et_pb_column_4_4 et-last-child et_block_column et_pb_css_mix_blend_mode_passthrough\"><div class=\"et_pb_text_2 et_pb_text et_pb_bg_layout_light et_pb_module et_block_module\"><div class=\"et_pb_text_inner\"><h2>Des soins de sant\u00e9 mentale proactifs et accessibles pour vos employ\u00e9s<\/h2>\n<\/div><\/div><\/div><\/div><div class=\"et_pb_row_2 et_pb_row et_block_row\"><div class=\"et_pb_column_3 et_pb_column et_pb_column_1_3 et_block_column et_pb_css_mix_blend_mode_passthrough\"><div class=\"et_pb_number_counter_0 et_pb_number_counter et_pb_bg_layout_light et_pb_text_align_center et_pb_with_title et_pb_module et_block_module\"><div class=\"percent\"><p><span class=\"percent-value\"><\/span><span class=\"percent-sign\">%<\/span><\/p><\/div><h3 class=\"title\">des Canadiens<\/h3><\/div><div class=\"et_pb_text_3 et_pb_text et_pb_bg_layout_light et_pb_module et_block_module et_pb_text_align_center\"><div class=\"et_pb_text_inner\"><p>Quittent le travail en raison de l'anxi\u00e9t\u00e9, du stress et de la d\u00e9pression.<\/p>\n<\/div><\/div><\/div><div class=\"et_pb_column_4 et_pb_column et_pb_column_1_3 et_block_column et_pb_css_mix_blend_mode_passthrough\"><div class=\"et_pb_number_counter_1 et_pb_number_counter et_pb_bg_layout_light et_pb_text_align_center et_pb_with_title et_pb_module et_block_module dollar\"><div class=\"percent\"><p><span class=\"percent-value\"><\/span><span class=\"percent-sign\"><\/span><\/p><\/div><h3 class=\"title\">G$<\/h3><\/div><div class=\"et_pb_text_4 et_pb_text et_pb_bg_layout_light et_pb_module et_block_module et_pb_text_align_center\"><div class=\"et_pb_text_inner\"><p>Repr\u00e9sente le co\u00fbt annuel de la sant\u00e9 mentale pour l'\u00e9conomie canadienne.<\/p>\n<\/div><\/div><\/div><div class=\"et_pb_column_5 et_pb_column et_pb_column_1_3 et-last-child et_block_column et_pb_css_mix_blend_mode_passthrough\"><div class=\"et_pb_number_counter_2 et_pb_number_counter et_pb_bg_layout_light et_pb_text_align_center et_pb_with_title et_pb_module et_block_module\"><div class=\"percent\"><p><span class=\"percent-value\"><\/span><span class=\"percent-sign\"><\/span><\/p><\/div><h3 class=\"title\">Canadiens<\/h3><\/div><div class=\"et_pb_text_5 et_pb_text et_pb_bg_layout_light et_pb_module et_block_module et_pb_text_align_center\"><div class=\"et_pb_text_inner\"><p>sont en cong\u00e9 de maladie chaque semaine en raison d'un stress mental ou d'une maladie.<\/p>\n<\/div><\/div><\/div><\/div><div class=\"et_pb_row_3 et_pb_row et_block_row\"><div class=\"et_pb_column_6 et_pb_column et_pb_column_4_4 et-last-child et_block_column et_pb_css_mix_blend_mode_passthrough\"><div class=\"et_pb_module et_pb_button_module_wrapper et_pb_button_1_wrapper\"><a class=\"et_pb_button_1 et_pb_button et_pb_bg_layout_light et_pb_module et_block_module\" href=\"https:\/\/teksmed.com\/fr\/contact\/\">Contacter TeksMed<\/a><\/div><\/div><\/div><\/div><div class=\"et_pb_section_2 et_pb_section et_section_regular et_block_section\"><div class=\"et_pb_row_4 et_pb_row et_block_row et_pb_section_parallax\"><span class=\"et-pb-parallax-wrapper\"><span class=\"et-pb-parallax-background et-pb-parallax-background--css et-pb-parallax-background-module--divi-row-4 lazyload\" style=\"background-image:inherit;background-color:rgba(0,0,0,0.53);background-blend-mode:overlay\" data-bg-image=\"url(https:\/\/teksmed.com\/wp-content\/uploads\/2024\/06\/teksmed-image2.jpg)\"><\/span><\/span><div class=\"et_pb_column_7 et_pb_column et_pb_column_4_4 et-last-child et_block_column et_pb_css_mix_blend_mode_passthrough\"><div class=\"et_pb_text_6 et_pb_text et_pb_bg_layout_light et_pb_module et_block_module\"><div class=\"et_pb_text_inner\"><h2>Am\u00e9liorez le bien-\u00eatre de votre \u00e9quipe et la productivit\u00e9 de votre organisation !<\/h2>\n<\/div><\/div><div class=\"et_pb_text_7 et_pb_text et_pb_bg_layout_light et_pb_module et_block_module et_pb_text_align_center\"><div class=\"et_pb_text_inner\"><p><span>Chez TeksMed, nous croyons qu'il faut donner \u00e0 vos employ\u00e9s les outils dont ils ont besoin pour s'\u00e9panouir, non seulement au travail, mais aussi dans tous les aspects de leur vie. Le programme de bien-\u00eatre mental QuikCare offre des soins de sant\u00e9 mentale proactifs et accessibles qui peuvent transformer votre milieu de travail. Ne laissez pas les probl\u00e8mes de sant\u00e9 mentale diminuer le potentiel de votre \u00e9quipe. Communiquez avec nous d\u00e8s maintenant pour savoir comment le programme QuikCare Mental Wellness peut profiter \u00e0 votre milieu de travail.<\/span><\/p>\n<\/div><\/div><div class=\"et_pb_module et_pb_button_module_wrapper et_pb_button_2_wrapper\"><a class=\"et_pb_button_2 et_pb_button et_pb_bg_layout_light et_pb_module et_block_module\" href=\"https:\/\/teksmed.com\/fr\/contact\/\">Contacter TeksMed<\/a><\/div><\/div><\/div><\/div><div class=\"et_pb_section_3 et_pb_section et_section_regular et_block_section\"><div class=\"et_pb_row_5 et_pb_row et_pb_equal_columns et_block_row\"><div class=\"et_pb_column_8 et_pb_column et_pb_column_1_3 et_block_column et_pb_css_mix_blend_mode_passthrough\"><div class=\"et_pb_image_0 et_pb_image et_pb_module et_block_module\"><span class=\"et_pb_image_wrap\"><img decoding=\"async\" data-src=\"https:\/\/teksmed.com\/wp-content\/uploads\/2024\/06\/QuickCare-Mental-Wellness-What-is-CBT.png\" width=\"2000\" height=\"1200\" data-srcset=\"https:\/\/teksmed.com\/wp-content\/uploads\/2024\/06\/QuickCare-Mental-Wellness-What-is-CBT.png 2000w, https:\/\/teksmed.com\/wp-content\/uploads\/2024\/06\/QuickCare-Mental-Wellness-What-is-CBT-1280x768.png 1280w, https:\/\/teksmed.com\/wp-content\/uploads\/2024\/06\/QuickCare-Mental-Wellness-What-is-CBT-980x588.png 980w, https:\/\/teksmed.com\/wp-content\/uploads\/2024\/06\/QuickCare-Mental-Wellness-What-is-CBT-480x288.png 480w\" data-sizes=\"(min-width: 0px) and (max-width: 480px) 480px, (min-width: 481px) and (max-width: 980px) 980px, (min-width: 981px) and (max-width: 1280px) 1280px, (min-width: 1281px) 2000px, 100vw\" class=\"wp-image-235882 lazyload\" title=\"QuickCare Mental Wellness - Qu&#039;est-ce que la TCC ?\" src=\"data:image\/svg+xml;base64,PHN2ZyB3aWR0aD0iMSIgaGVpZ2h0PSIxIiB4bWxucz0iaHR0cDovL3d3dy53My5vcmcvMjAwMC9zdmciPjwvc3ZnPg==\" style=\"--smush-placeholder-width: 2000px; --smush-placeholder-aspect-ratio: 2000\/1200;\" \/><\/span><\/div><\/div><div class=\"et_pb_column_9 et_pb_column et_pb_column_2_3 et-last-child et_block_column et_pb_css_mix_blend_mode_passthrough\"><div class=\"et_pb_text_8 et_pb_text et_pb_bg_layout_light et_pb_module et_block_module\"><div class=\"et_pb_text_inner\"><h3>Qu'est-ce que la TCC ? <\/h3>\n<\/div><\/div><div class=\"et_pb_text_9 et_pb_text et_pb_bg_layout_light et_pb_module et_block_module\"><div class=\"et_pb_text_inner\"><p>La th\u00e9rapie cognitivo-comportementale (TCC) est une th\u00e9rapie \u00e0 court terme qui pr\u00e9sente des avantages \u00e0 long terme. Elle est structur\u00e9e et ax\u00e9e sur l'acquisition par les employ\u00e9s de comp\u00e9tences leur permettant de g\u00e9rer leurs \u00e9motions, leurs pens\u00e9es et leurs comportements. La TCC peut aider les employ\u00e9s \u00e0 modifier leur fa\u00e7on de penser (\u00ab cognitive \u00bb) et leurs actions (\u00ab comportemental\ne \u00bb). Ces changements peuvent les aider \u00e0 se sentir mieux. <\/p>\n<p>La TCC utilise une approche de la r\u00e9solution des probl\u00e8mes ax\u00e9e sur les comp\u00e9tences qui aidera les employ\u00e9s \u00e0 trouver des moyens d'am\u00e9liorer leur \u00e9tat d'esprit actuel et \u00e0 d\u00e9velopper des techniques leur permettant d'\u00e9viter les probl\u00e8mes \u00e0 l'avenir.<\/p>\n<\/div><\/div><div class=\"et_pb_module et_pb_button_module_wrapper et_pb_button_3_wrapper\"><a class=\"et_pb_button_3 et_pb_button et_pb_bg_layout_light et_pb_module et_block_module\" href=\"https:\/\/teksmed.com\/fr\/contact\/\">En savoir plus<\/a><\/div><\/div><\/div><div class=\"et_pb_row_6 et_pb_row et_pb_equal_columns et_block_row\"><div class=\"et_pb_column_10 et_pb_column et_pb_column_2_3 et_block_column et_pb_css_mix_blend_mode_passthrough\"><div class=\"et_pb_image_1 et_pb_image et_pb_module et_block_module\"><span class=\"et_pb_image_wrap\"><img decoding=\"async\" data-src=\"https:\/\/teksmed.com\/wp-content\/uploads\/2024\/06\/QuickCare-Mental-Wellness-New-Live-Video-Therapy.png\" width=\"2000\" height=\"1200\" data-srcset=\"https:\/\/teksmed.com\/wp-content\/uploads\/2024\/06\/QuickCare-Mental-Wellness-New-Live-Video-Therapy.png 2000w, https:\/\/teksmed.com\/wp-content\/uploads\/2024\/06\/QuickCare-Mental-Wellness-New-Live-Video-Therapy-300x180.png 300w, https:\/\/teksmed.com\/wp-content\/uploads\/2024\/06\/QuickCare-Mental-Wellness-New-Live-Video-Therapy-1024x614.png 1024w, https:\/\/teksmed.com\/wp-content\/uploads\/2024\/06\/QuickCare-Mental-Wellness-New-Live-Video-Therapy-768x461.png 768w, https:\/\/teksmed.com\/wp-content\/uploads\/2024\/06\/QuickCare-Mental-Wellness-New-Live-Video-Therapy-1536x922.png 1536w, https:\/\/teksmed.com\/wp-content\/uploads\/2024\/06\/QuickCare-Mental-Wellness-New-Live-Video-Therapy-1080x648.png 1080w\" data-sizes=\"(max-width: 2000px) 100vw, 2000px\" class=\"wp-image-235881 lazyload\" title=\"QuickCare Mental Wellness - Nouveau ! Vid\u00e9o th\u00e9rapie en direct\" src=\"data:image\/svg+xml;base64,PHN2ZyB3aWR0aD0iMSIgaGVpZ2h0PSIxIiB4bWxucz0iaHR0cDovL3d3dy53My5vcmcvMjAwMC9zdmciPjwvc3ZnPg==\" style=\"--smush-placeholder-width: 2000px; --smush-placeholder-aspect-ratio: 2000\/1200;\" \/><\/span><\/div><div class=\"et_pb_text_10 et_pb_text et_pb_bg_layout_light et_pb_module et_block_module\"><div class=\"et_pb_text_inner\"><h3>Nouveau ! Th\u00e9rapie vid\u00e9o en direct<\/h3>\n<\/div><\/div><div class=\"et_pb_text_11 et_pb_text et_pb_bg_layout_light et_pb_module et_block_module\"><div class=\"et_pb_text_inner\"><p>Avec la possibilit\u00e9 de participer aux sessions sur un t\u00e9l\u00e9phone, une tablette ou un ordinateur, cette solution est parfaite pour les personnes qui souhaitent b\u00e9n\u00e9ficier de la commodit\u00e9 et de l'intimit\u00e9 des soins de sant\u00e9 mentale \u00e0 domicile, mais qui ont \u00e9galement besoin d'un soutien plus concret.<\/p>\n<p>En plus de la TCC num\u00e9rique, vous pouvez offrir \u00e0 vos employ\u00e9s l'acc\u00e8s \u00e0 la vid\u00e9oth\u00e9rapie en direct. Les patients participent \u00e0 un maximum de six s\u00e9ances en temps r\u00e9el avec un professionnel de la sant\u00e9 mentale par le biais d'un appel vid\u00e9o.<\/p>\n<\/div><\/div><div class=\"et_pb_module et_pb_button_module_wrapper et_pb_button_4_wrapper\"><a class=\"et_pb_button_4 et_pb_button et_pb_bg_layout_light et_pb_module et_block_module\" href=\"https:\/\/teksmed.com\/fr\/contact\/\">Obtenez d\u00e8s aujourd'hui un personnel plus heureux et plus r\u00e9silient<\/a><\/div><\/div><div class=\"et_pb_column_11 et_pb_column et_pb_column_1_3 et-last-child et_block_column et_pb_css_mix_blend_mode_passthrough\"><div class=\"et_pb_image_2 et_pb_image et_pb_module et_block_module\"><span class=\"et_pb_image_wrap\"><img decoding=\"async\" data-src=\"https:\/\/teksmed.com\/wp-content\/uploads\/2024\/06\/QuickCare-Mental-Wellness-New-Live-Video-Therapy.png\" width=\"2000\" height=\"1200\" data-srcset=\"https:\/\/teksmed.com\/wp-content\/uploads\/2024\/06\/QuickCare-Mental-Wellness-New-Live-Video-Therapy.png 2000w, https:\/\/teksmed.com\/wp-content\/uploads\/2024\/06\/QuickCare-Mental-Wellness-New-Live-Video-Therapy-300x180.png 300w, https:\/\/teksmed.com\/wp-content\/uploads\/2024\/06\/QuickCare-Mental-Wellness-New-Live-Video-Therapy-1024x614.png 1024w, https:\/\/teksmed.com\/wp-content\/uploads\/2024\/06\/QuickCare-Mental-Wellness-New-Live-Video-Therapy-768x461.png 768w, https:\/\/teksmed.com\/wp-content\/uploads\/2024\/06\/QuickCare-Mental-Wellness-New-Live-Video-Therapy-1536x922.png 1536w, https:\/\/teksmed.com\/wp-content\/uploads\/2024\/06\/QuickCare-Mental-Wellness-New-Live-Video-Therapy-1080x648.png 1080w\" data-sizes=\"(max-width: 2000px) 100vw, 2000px\" class=\"wp-image-235881 lazyload\" title=\"QuickCare Mental Wellness - Nouveau ! Vid\u00e9o th\u00e9rapie en direct\" src=\"data:image\/svg+xml;base64,PHN2ZyB3aWR0aD0iMSIgaGVpZ2h0PSIxIiB4bWxucz0iaHR0cDovL3d3dy53My5vcmcvMjAwMC9zdmciPjwvc3ZnPg==\" style=\"--smush-placeholder-width: 2000px; --smush-placeholder-aspect-ratio: 2000\/1200;\" \/><\/span><\/div><\/div><\/div><\/div><div class=\"et_pb_section_4 et_pb_section et_section_regular et_block_section\"><div class=\"et_pb_row_7 et_pb_row et_block_row\"><div class=\"et_pb_column_12 et_pb_column et_pb_column_4_4 et-last-child et_block_column et_pb_css_mix_blend_mode_passthrough\"><div class=\"et_pb_text_12 et_pb_text et_pb_bg_layout_light et_pb_module et_block_module\"><div class=\"et_pb_text_inner\"><h3>Pour quels probl\u00e8mes de sant\u00e9 mentale le programme de bien-\u00eatre mental QuikCare peut-il \u00eatre utile?<\/h3>\n<\/div><\/div><\/div><\/div><div class=\"et_pb_row_8 et_pb_row et_pb_row_4col et_block_row et_block_row_4col\"><div class=\"et_pb_column_13 et_pb_column et_pb_column_1_4 et_block_column et_pb_css_mix_blend_mode_passthrough\"><div class=\"et_pb_blurb_0 et_pb_blurb et_pb_bg_layout_light et_pb_blurb_position_left et_animated et_pb_module et_block_module\"><div class=\"et_pb_blurb_content\"><div class=\"et_pb_main_blurb_image\"><span class=\"et_pb_image_wrap\"><span class=\"et-pb-icon et-waypoint et_pb_animation_top et_pb_animation_top_tablet et_pb_animation_top_phone\">Z<\/span><\/span><\/div><div class=\"et_pb_blurb_container\"><div class=\"et_pb_blurb_description\"><p>Consommation d'alcool\/de substances<\/p>\n<\/div><\/div><\/div><\/div><div class=\"et_pb_blurb_1 et_pb_blurb et_pb_bg_layout_light et_pb_blurb_position_left et_animated et_pb_module et_block_module\"><div class=\"et_pb_blurb_content\"><div class=\"et_pb_main_blurb_image\"><span class=\"et_pb_image_wrap\"><span class=\"et-pb-icon et-waypoint et_pb_animation_top et_pb_animation_top_tablet et_pb_animation_top_phone\">Z<\/span><\/span><\/div><div class=\"et_pb_blurb_container\"><div class=\"et_pb_blurb_description\"><p>Probl\u00e8mes d'alimentation et d'image corporelle<\/p>\n<\/div><\/div><\/div><\/div><div class=\"et_pb_blurb_2 et_pb_blurb et_pb_bg_layout_light et_pb_blurb_position_left et_animated et_pb_module et_block_module\"><div class=\"et_pb_blurb_content\"><div class=\"et_pb_main_blurb_image\"><span class=\"et_pb_image_wrap\"><span class=\"et-pb-icon et-waypoint et_pb_animation_top et_pb_animation_top_tablet et_pb_animation_top_phone\">Z<\/span><\/span><\/div><div class=\"et_pb_blurb_container\"><div class=\"et_pb_blurb_description\"><p>Pr\u00e9occupations obsessionnelles compulsives<\/p>\n<\/div><\/div><\/div><\/div><div class=\"et_pb_blurb_3 et_pb_blurb et_pb_bg_layout_light et_pb_blurb_position_left et_animated et_pb_module et_block_module\"><div class=\"et_pb_blurb_content\"><div class=\"et_pb_main_blurb_image\"><span class=\"et_pb_image_wrap\"><span class=\"et-pb-icon et-waypoint et_pb_animation_top et_pb_animation_top_tablet et_pb_animation_top_phone\">Z<\/span><\/span><\/div><div class=\"et_pb_blurb_container\"><div class=\"et_pb_blurb_description\"><p>Pr\u00e9occupations pr\u00e9\/post-natales<\/p>\n<\/div><\/div><\/div><\/div><div class=\"et_pb_blurb_4 et_pb_blurb et_pb_bg_layout_light et_pb_blurb_position_left et_animated et_pb_module et_block_module\"><div class=\"et_pb_blurb_content\"><div class=\"et_pb_main_blurb_image\"><span class=\"et_pb_image_wrap\"><span class=\"et-pb-icon et-waypoint et_pb_animation_top et_pb_animation_top_tablet et_pb_animation_top_phone\">Z<\/span><\/span><\/div><div class=\"et_pb_blurb_container\"><div class=\"et_pb_blurb_description\"><p>Probl\u00e8mes de sommeil<\/p>\n<\/div><\/div><\/div><\/div><\/div><div class=\"et_pb_column_14 et_pb_column et_pb_column_1_4 et_block_column et_pb_css_mix_blend_mode_passthrough\"><div class=\"et_pb_blurb_5 et_pb_blurb et_pb_bg_layout_light et_pb_blurb_position_left et_animated et_pb_module et_block_module\"><div class=\"et_pb_blurb_content\"><div class=\"et_pb_main_blurb_image\"><span class=\"et_pb_image_wrap\"><span class=\"et-pb-icon et-waypoint et_pb_animation_top et_pb_animation_top_tablet et_pb_animation_top_phone\">Z<\/span><\/span><\/div><div class=\"et_pb_blurb_container\"><div class=\"et_pb_blurb_description\"><p>Anxi\u00e9t\u00e9 \/ inqui\u00e9tude \u2192 Anxi\u00e9t\u00e9 ou inqui\u00e9tude<\/p>\n<\/div><\/div><\/div><\/div><div class=\"et_pb_blurb_6 et_pb_blurb et_pb_bg_layout_light et_pb_blurb_position_left et_animated et_pb_module et_block_module\"><div class=\"et_pb_blurb_content\"><div class=\"et_pb_main_blurb_image\"><span class=\"et_pb_image_wrap\"><span class=\"et-pb-icon et-waypoint et_pb_animation_top et_pb_animation_top_tablet et_pb_animation_top_phone\">Z<\/span><\/span><\/div><div class=\"et_pb_blurb_container\"><div class=\"et_pb_blurb_description\"><p>Le deuil \u2192 Deuil<\/p>\n<\/div><\/div><\/div><\/div><div class=\"et_pb_blurb_7 et_pb_blurb et_pb_bg_layout_light et_pb_blurb_position_left et_animated et_pb_module et_block_module\"><div class=\"et_pb_blurb_content\"><div class=\"et_pb_main_blurb_image\"><span class=\"et_pb_image_wrap\"><span class=\"et-pb-icon et-waypoint et_pb_animation_top et_pb_animation_top_tablet et_pb_animation_top_phone\">Z<\/span><\/span><\/div><div class=\"et_pb_blurb_container\"><div class=\"et_pb_blurb_description\"><p>Crises de panique<\/p>\n<\/div><\/div><\/div><\/div><div class=\"et_pb_blurb_8 et_pb_blurb et_pb_bg_layout_light et_pb_blurb_position_left et_animated et_pb_module et_block_module\"><div class=\"et_pb_blurb_content\"><div class=\"et_pb_main_blurb_image\"><span class=\"et_pb_image_wrap\"><span class=\"et-pb-icon et-waypoint et_pb_animation_top et_pb_animation_top_tablet et_pb_animation_top_phone\">Z<\/span><\/span><\/div><div class=\"et_pb_blurb_container\"><div class=\"et_pb_blurb_description\"><p>Procrastination<\/p>\n<\/div><\/div><\/div><\/div><div class=\"et_pb_blurb_9 et_pb_blurb et_pb_bg_layout_light et_pb_blurb_position_left et_animated et_pb_module et_block_module\"><div class=\"et_pb_blurb_content\"><div class=\"et_pb_main_blurb_image\"><span class=\"et_pb_image_wrap\"><span class=\"et-pb-icon et-waypoint et_pb_animation_top et_pb_animation_top_tablet et_pb_animation_top_phone\">Z<\/span><\/span><\/div><div class=\"et_pb_blurb_container\"><div class=\"et_pb_blurb_description\"><p>Anxi\u00e9t\u00e9 sociale<\/p>\n<\/div><\/div><\/div><\/div><\/div><div class=\"et_pb_column_15 et_pb_column et_pb_column_1_4 et_block_column et_pb_css_mix_blend_mode_passthrough\"><div class=\"et_pb_blurb_10 et_pb_blurb et_pb_bg_layout_light et_pb_blurb_position_left et_animated et_pb_module et_block_module\"><div class=\"et_pb_blurb_content\"><div class=\"et_pb_main_blurb_image\"><span class=\"et_pb_image_wrap\"><span class=\"et-pb-icon et-waypoint et_pb_animation_top et_pb_animation_top_tablet et_pb_animation_top_phone\">Z<\/span><\/span><\/div><div class=\"et_pb_blurb_container\"><div class=\"et_pb_blurb_description\"><p>Douleur chronique<\/p>\n<\/div><\/div><\/div><\/div><div class=\"et_pb_blurb_11 et_pb_blurb et_pb_bg_layout_light et_pb_blurb_position_left et_animated et_pb_module et_block_module\"><div class=\"et_pb_blurb_content\"><div class=\"et_pb_main_blurb_image\"><span class=\"et_pb_image_wrap\"><span class=\"et-pb-icon et-waypoint et_pb_animation_top et_pb_animation_top_tablet et_pb_animation_top_phone\">Z<\/span><\/span><\/div><div class=\"et_pb_blurb_container\"><div class=\"et_pb_blurb_description\"><p>Anxi\u00e9t\u00e9 li\u00e9e \u00e0 la sant\u00e9<\/p>\n<\/div><\/div><\/div><\/div><div class=\"et_pb_blurb_12 et_pb_blurb et_pb_bg_layout_light et_pb_blurb_position_left et_animated et_pb_module et_block_module\"><div class=\"et_pb_blurb_content\"><div class=\"et_pb_main_blurb_image\"><span class=\"et_pb_image_wrap\"><span class=\"et-pb-icon et-waypoint et_pb_animation_top et_pb_animation_top_tablet et_pb_animation_top_phone\">Z<\/span><\/span><\/div><div class=\"et_pb_blurb_container\"><div class=\"et_pb_blurb_description\"><p>L\u2019\u00e9ducation des enfants \u2192 Parentalit\u00e9<\/p>\n<\/div><\/div><\/div><\/div><div class=\"et_pb_blurb_13 et_pb_blurb et_pb_bg_layout_light et_pb_blurb_position_left et_animated et_pb_module et_block_module\"><div class=\"et_pb_blurb_content\"><div class=\"et_pb_main_blurb_image\"><span class=\"et_pb_image_wrap\"><span class=\"et-pb-icon et-waypoint et_pb_animation_top et_pb_animation_top_tablet et_pb_animation_top_phone\">Z<\/span><\/span><\/div><div class=\"et_pb_blurb_container\"><div class=\"et_pb_blurb_description\"><p>Les relations \u2192 Relations interpersonnelles<\/p>\n<\/div><\/div><\/div><\/div><div class=\"et_pb_blurb_14 et_pb_blurb et_pb_bg_layout_light et_pb_blurb_position_left et_animated et_pb_module et_block_module\"><div class=\"et_pb_blurb_content\"><div class=\"et_pb_main_blurb_image\"><span class=\"et_pb_image_wrap\"><span class=\"et-pb-icon et-waypoint et_pb_animation_top et_pb_animation_top_tablet et_pb_animation_top_phone\">Z<\/span><\/span><\/div><div class=\"et_pb_blurb_container\"><div class=\"et_pb_blurb_description\"><p>Le stress \u2192 Stress<\/p>\n<\/div><\/div><\/div><\/div><\/div><div class=\"et_pb_column_16 et_pb_column et_pb_column_1_4 et-last-child et_block_column et_pb_css_mix_blend_mode_passthrough\"><div class=\"et_pb_blurb_15 et_pb_blurb et_pb_bg_layout_light et_pb_blurb_position_left et_animated et_pb_module et_block_module\"><div class=\"et_pb_blurb_content\"><div class=\"et_pb_main_blurb_image\"><span class=\"et_pb_image_wrap\"><span class=\"et-pb-icon et-waypoint et_pb_animation_top et_pb_animation_top_tablet et_pb_animation_top_phone\">Z<\/span><\/span><\/div><div class=\"et_pb_blurb_container\"><div class=\"et_pb_blurb_description\"><p>D\u00e9pression<\/p>\n<\/div><\/div><\/div><\/div><div class=\"et_pb_blurb_16 et_pb_blurb et_pb_bg_layout_light et_pb_blurb_position_left et_animated et_pb_module et_block_module\"><div class=\"et_pb_blurb_content\"><div class=\"et_pb_main_blurb_image\"><span class=\"et_pb_image_wrap\"><span class=\"et-pb-icon et-waypoint et_pb_animation_top et_pb_animation_top_tablet et_pb_animation_top_phone\">Z<\/span><\/span><\/div><div class=\"et_pb_blurb_container\"><div class=\"et_pb_blurb_description\"><p>Pr\u00e9occupations li\u00e9es \u00e0 l'humeur<\/p>\n<\/div><\/div><\/div><\/div><div class=\"et_pb_blurb_17 et_pb_blurb et_pb_bg_layout_light et_pb_blurb_position_left et_animated et_pb_module et_block_module\"><div class=\"et_pb_blurb_content\"><div class=\"et_pb_main_blurb_image\"><span class=\"et_pb_image_wrap\"><span class=\"et-pb-icon et-waypoint et_pb_animation_top et_pb_animation_top_tablet et_pb_animation_top_phone\">Z<\/span><\/span><\/div><div class=\"et_pb_blurb_container\"><div class=\"et_pb_blurb_description\"><p>Phobies<\/p>\n<\/div><\/div><\/div><\/div><div class=\"et_pb_blurb_18 et_pb_blurb et_pb_bg_layout_light et_pb_blurb_position_left et_animated et_pb_module et_block_module\"><div class=\"et_pb_blurb_content\"><div class=\"et_pb_main_blurb_image\"><span class=\"et_pb_image_wrap\"><span class=\"et-pb-icon et-waypoint et_pb_animation_top et_pb_animation_top_tablet et_pb_animation_top_phone\">Z<\/span><\/span><\/div><div class=\"et_pb_blurb_container\"><div class=\"et_pb_blurb_description\"><p>Estime de soi<\/p>\n<\/div><\/div><\/div><\/div><div class=\"et_pb_blurb_19 et_pb_blurb et_pb_bg_layout_light et_pb_blurb_position_left et_animated et_pb_module et_block_module\"><div class=\"et_pb_blurb_content\"><div class=\"et_pb_main_blurb_image\"><span class=\"et_pb_image_wrap\"><span class=\"et-pb-icon et-waypoint et_pb_animation_top et_pb_animation_top_tablet et_pb_animation_top_phone\">Z<\/span><\/span><\/div><div class=\"et_pb_blurb_container\"><div class=\"et_pb_blurb_description\"><p>Traumatisme<\/p>\n<\/div><\/div><\/div><\/div><\/div><\/div><\/div>","protected":false},"excerpt":{"rendered":"","protected":false},"author":3,"featured_media":0,"parent":0,"menu_order":0,"comment_status":"closed","ping_status":"closed","template":"","meta":{"footnotes":""},"class_list":["post-235380","page","type-page","status-publish","hentry"],"_links":{"self":[{"href":"https:\/\/teksmed.com\/fr\/wp-json\/wp\/v2\/pages\/235380","targetHints":{"allow":["GET"]}}],"collection":[{"href":"https:\/\/teksmed.com\/fr\/wp-json\/wp\/v2\/pages"}],"about":[{"href":"https:\/\/teksmed.com\/fr\/wp-json\/wp\/v2\/types\/page"}],"author":[{"embeddable":true,"href":"https:\/\/teksmed.com\/fr\/wp-json\/wp\/v2\/users\/3"}],"replies":[{"embeddable":true,"href":"https:\/\/teksmed.com\/fr\/wp-json\/wp\/v2\/comments?post=235380"}],"version-history":[{"count":2,"href":"https:\/\/teksmed.com\/fr\/wp-json\/wp\/v2\/pages\/235380\/revisions"}],"predecessor-version":[{"id":237895,"href":"https:\/\/teksmed.com\/fr\/wp-json\/wp\/v2\/pages\/235380\/revisions\/237895"}],"wp:attachment":[{"href":"https:\/\/teksmed.com\/fr\/wp-json\/wp\/v2\/media?parent=235380"}],"curies":[{"name":"wp","href":"https:\/\/api.w.org\/{rel}","templated":true}]}}