{"id":237164,"date":"2025-05-07T16:50:43","date_gmt":"2025-05-07T16:50:43","guid":{"rendered":"https:\/\/teksmed.com\/?page_id=237164"},"modified":"2026-04-01T13:19:37","modified_gmt":"2026-04-01T13:19:37","slug":"virtual-physiotherapy","status":"publish","type":"page","link":"https:\/\/teksmed.com\/fr\/virtual-physiotherapy\/","title":{"rendered":"Physioth\u00e9rapie virtuelle"},"content":{"rendered":"<div class=\"et_pb_section_0 et_pb_section et_section_regular et_block_section\"><div class=\"et_pb_row_0 et_pb_row et_pb_equal_columns et_block_row\"><div class=\"et_pb_column_0 et_pb_column et_pb_column_2_3 et_block_column et_pb_css_mix_blend_mode_passthrough\"><div class=\"et_pb_text_0 et_pb_text et_pb_bg_layout_light et_pb_module et_block_module\"><div class=\"et_pb_text_inner\"><h2>Physioth\u00e9rapie virtuelle<\/h2>\n<\/div><\/div><div class=\"et_pb_text_1 et_pb_text et_pb_bg_layout_light et_pb_module et_block_module\"><div class=\"et_pb_text_inner\"><p>Au Canada, l'acc\u00e8s \u00e0 des soins m\u00e9dicaux en temps opportun peut souvent \u00eatre un d\u00e9fi. En r\u00e9ponse \u00e0 ce besoin constant et en phase avec les avanc\u00e9es technologiques qui remod\u00e8lent l'industrie du bien-\u00eatre, TeksMed est fi\u00e8re d'offrir une alternative pratique aux soins traditionnels en personne : la physioth\u00e9rapie virtuelle.<\/p>\n<p>&nbsp;<\/p>\n<p>Depuis des ann\u00e9es, la physioth\u00e9rapie virtuelle fait partie int\u00e9grante de nos solutions de gestion de l'invalidit\u00e9, et elle est maintenant totalement int\u00e9gr\u00e9e \u00e0 nos programmes complets de bien-\u00eatre dans tout le pays. Cette offre garantit que les personnes re\u00e7oivent le soutien dont elles ont besoin, au moment et \u00e0 l'endroit o\u00f9 elles en ont le plus besoin.<\/p>\n<\/div><\/div><div class=\"et_pb_module et_pb_button_module_wrapper et_pb_button_0_wrapper\"><a class=\"et_pb_button_0 et_pb_button et_pb_bg_layout_light et_pb_module et_block_module\" href=\"https:\/\/teksmed.com\/fr\/contact\/\">Contacter TeksMed<\/a><\/div><\/div><div class=\"et_pb_column_1 et_pb_column et_pb_column_1_3 et-last-child et_block_column et_pb_column_empty et_pb_css_mix_blend_mode_passthrough\"><\/div><\/div><\/div><div class=\"et_pb_section_1 et_pb_section et_section_regular et_block_section\"><div class=\"et_pb_row_1 et_pb_row et_block_row\"><div class=\"et_pb_column_2 et_pb_column et_pb_column_4_4 et-last-child et_block_column et_pb_css_mix_blend_mode_passthrough\"><div class=\"et_pb_text_2 et_pb_text et_pb_bg_layout_light et_pb_module et_block_module\"><div class=\"et_pb_text_inner\"><h2>Sur mesure pour les \u00e9tudiants<\/h2>\n<\/div><\/div><\/div><\/div><div class=\"et_pb_row_2 et_pb_row et_block_row\"><div class=\"et_pb_column_3 et_pb_column et_pb_column_2_5 et_block_column et_pb_css_mix_blend_mode_passthrough\"><div class=\"et_pb_image_0 et_pb_image et_pb_module et_block_module\"><span class=\"et_pb_image_wrap\"><img decoding=\"async\" data-src=\"https:\/\/teksmed.com\/wp-content\/uploads\/2025\/05\/Graduation-scaled.jpg\" width=\"2000\" height=\"1598\" data-srcset=\"https:\/\/teksmed.com\/wp-content\/uploads\/2025\/05\/Graduation-scaled.jpg 2000w, https:\/\/teksmed.com\/wp-content\/uploads\/2025\/05\/Graduation-1280x1023.jpg 1280w, https:\/\/teksmed.com\/wp-content\/uploads\/2025\/05\/Graduation-980x783.jpg 980w, https:\/\/teksmed.com\/wp-content\/uploads\/2025\/05\/Graduation-480x384.jpg 480w\" data-sizes=\"(min-width: 0px) and (max-width: 480px) 480px, (min-width: 481px) and (max-width: 980px) 980px, (min-width: 981px) and (max-width: 1280px) 1280px, (min-width: 1281px) 2000px, 100vw\" class=\"wp-image-237162 lazyload\" title=\"Remise des dipl\u00f4mes\" src=\"data:image\/svg+xml;base64,PHN2ZyB3aWR0aD0iMSIgaGVpZ2h0PSIxIiB4bWxucz0iaHR0cDovL3d3dy53My5vcmcvMjAwMC9zdmciPjwvc3ZnPg==\" style=\"--smush-placeholder-width: 2000px; --smush-placeholder-aspect-ratio: 2000\/1598;\" \/><\/span><\/div><\/div><div class=\"et_pb_column_4 et_pb_column et_pb_column_3_5 et-last-child et_block_column et_pb_css_mix_blend_mode_passthrough\"><div class=\"et_pb_text_3 et_pb_text et_pb_bg_layout_light et_pb_module et_block_module\"><div class=\"et_pb_text_inner\"><p>The years spent in college, trade school, or university are among the most formative in a person's life, shaping both their professional and social development. During this time, students deserve to focus on their education without the added burden of managing pain, injuries, or other physical health challenges.<\/p>\n<p>En collaboration avec Alumo, notre partenaire exclusif, TeksMed est ravi d'offrir des services de physioth\u00e9rapie et de bien-\u00eatre en ligne centr\u00e9s sur l'\u00e9tudiant par l'interm\u00e9diaire de QuikCare Health. Pratiques, flexibles et priv\u00e9s, les services de physioth\u00e9rapie virtuelle \u00e0 domicile sont adapt\u00e9s \u00e0 la vie tr\u00e9pidante des \u00e9tudiants. La plateforme de soins virtuels accessible de QuikCare Health aidera les \u00e9tudiants \u00e0 rester en bonne sant\u00e9, \u00e0 l'aise et concentr\u00e9s, o\u00f9 qu'ils soient.<\/p>\n<\/div><\/div><\/div><\/div><div class=\"et_pb_row_3 et_pb_row et_block_row\"><div class=\"et_pb_column_5 et_pb_column et_pb_column_4_4 et-last-child et_block_column et_pb_css_mix_blend_mode_passthrough\"><div class=\"et_pb_module et_pb_button_module_wrapper et_pb_button_1_wrapper\"><a class=\"et_pb_button_1 et_pb_button et_pb_bg_layout_light et_pb_module et_block_module\" href=\"https:\/\/teksmed.com\/fr\/contact\/\">Contacter TeksMed<\/a><\/div><\/div><\/div><\/div><div class=\"et_pb_section_2 et_pb_section et_section_regular et_block_section\"><div class=\"et_pb_row_4 et_pb_row et_block_row\"><div class=\"et_pb_column_6 et_pb_column et_pb_column_4_4 et-last-child et_block_column et_pb_css_mix_blend_mode_passthrough\"><div class=\"et_pb_text_4 et_pb_text et_pb_bg_layout_light et_pb_module et_block_module\"><div class=\"et_pb_text_inner\"><h3>Caract\u00e9ristiques du programme<\/h3>\n<\/div><\/div><\/div><\/div><div class=\"et_pb_row_5 et_pb_row et_block_row\"><div class=\"et_pb_column_7 et_pb_column et_pb_column_1_2 et_block_column et_pb_css_mix_blend_mode_passthrough\"><div class=\"et_pb_blurb_0 et_pb_blurb et_pb_bg_layout_light et_pb_blurb_position_left et_animated et_pb_module et_block_module\"><div class=\"et_pb_blurb_content\"><div class=\"et_pb_main_blurb_image\"><span class=\"et_pb_image_wrap\"><span class=\"et-pb-icon et-waypoint et_pb_animation_top et_pb_animation_top_tablet et_pb_animation_top_phone\">Z<\/span><\/span><\/div><div class=\"et_pb_blurb_container\"><div class=\"et_pb_blurb_description\"><p><strong>Consultation initiale<\/strong>: Une douleur persistante, une blessure ou un malaise peuvent perturber les \u00e9tudes et la vie quotidienne. Les physioth\u00e9rapeutes de QuikCare Health travaillent avec les \u00e9tudiants pour identifier la cause premi\u00e8re et leur fournir des conseils clairs et des mesures pratiques pour les aider \u00e0 se sentir mieux et \u00e0 aller de l'avant en toute confiance.<\/p>\n<\/div><\/div><\/div><\/div><div class=\"et_pb_blurb_1 et_pb_blurb et_pb_bg_layout_light et_pb_blurb_position_left et_animated et_pb_module et_block_module\"><div class=\"et_pb_blurb_content\"><div class=\"et_pb_main_blurb_image\"><span class=\"et_pb_image_wrap\"><span class=\"et-pb-icon et-waypoint et_pb_animation_top et_pb_animation_top_tablet et_pb_animation_top_phone\">Z<\/span><\/span><\/div><div class=\"et_pb_blurb_container\"><div class=\"et_pb_blurb_description\"><p><strong>Plan d'exercice<\/strong>: Il peut \u00eatre difficile de cr\u00e9er un programme de r\u00e9cup\u00e9ration ou de remise en forme qui s'adapte \u00e0 une vie \u00e9tudiante bien remplie. Nous travaillons avec les patients pour concevoir un plan personnalis\u00e9 qui s'aligne sur leurs objectifs et leur emploi du temps, qu'il s'agisse de soulager la douleur, de rester actif ou simplement de devenir plus fort.<\/p>\n<\/div><\/div><\/div><\/div><div class=\"et_pb_blurb_2 et_pb_blurb et_pb_bg_layout_light et_pb_blurb_position_left et_animated et_pb_module et_block_module\"><div class=\"et_pb_blurb_content\"><div class=\"et_pb_main_blurb_image\"><span class=\"et_pb_image_wrap\"><span class=\"et-pb-icon et-waypoint et_pb_animation_top et_pb_animation_top_tablet et_pb_animation_top_phone\">Z<\/span><\/span><\/div><div class=\"et_pb_blurb_container\"><div class=\"et_pb_blurb_description\"><p><strong>V\u00e9rification de l'\u00e9tat d'avancement des travaux<\/strong>: Nous voulons nous assurer que les patients restent sur la bonne voie ! Nous examinons les progr\u00e8s de l'\u00e9l\u00e8ve, proc\u00e9dons aux ajustements n\u00e9cessaires et veillons \u00e0 ce qu'il reste motiv\u00e9 et qu'il progresse vers ses objectifs sans ajouter de stress suppl\u00e9mentaire.<\/p>\n<\/div><\/div><\/div><\/div><\/div><div class=\"et_pb_column_8 et_pb_column et_pb_column_1_2 et-last-child et_block_column et_pb_css_mix_blend_mode_passthrough\"><div class=\"et_pb_blurb_3 et_pb_blurb et_pb_bg_layout_light et_pb_blurb_position_left et_animated et_pb_module et_block_module\"><div class=\"et_pb_blurb_content\"><div class=\"et_pb_main_blurb_image\"><span class=\"et_pb_image_wrap\"><span class=\"et-pb-icon et-waypoint et_pb_animation_top et_pb_animation_top_tablet et_pb_animation_top_phone\">Z<\/span><\/span><\/div><div class=\"et_pb_blurb_container\"><div class=\"et_pb_blurb_description\"><p><strong>\u00c9valuation ergonomique de l'espace de travail<\/strong>: Les \u00e9tudiants passent souvent des heures sur leur ordinateur portable ou leur tablette. QuikCare Health les aidera \u00e0 \u00e9valuer la configuration de leur espace d'\u00e9tude ou de travail et recommandera des ajustements pour qu'ils restent confortables, productifs et sans douleur pendant ces longues heures.<\/p>\n<\/div><\/div><\/div><\/div><div class=\"et_pb_blurb_4 et_pb_blurb et_pb_bg_layout_light et_pb_blurb_position_left et_animated et_pb_module et_block_module\"><div class=\"et_pb_blurb_content\"><div class=\"et_pb_main_blurb_image\"><span class=\"et_pb_image_wrap\"><span class=\"et-pb-icon et-waypoint et_pb_animation_top et_pb_animation_top_tablet et_pb_animation_top_phone\">Z<\/span><\/span><\/div><div class=\"et_pb_blurb_container\"><div class=\"et_pb_blurb_description\"><p><strong>L'\u00e9valuation ergonomique au quotidien<\/strong>: Qu'il s'agisse de positions de sommeil, de jeux ou de longs trajets en voiture, QuikCare Health aidera les \u00e9tudiants \u00e0 optimiser leurs habitudes quotidiennes afin d'\u00e9viter les douleurs et de rester \u00e0 l'aise tout au long de leur vie \u00e9tudiante. Ensemble, nous nous attaquons aux petites choses qui peuvent faire une grande diff\u00e9rence.<\/p>\n<\/div><\/div><\/div><\/div><div class=\"et_pb_blurb_5 et_pb_blurb et_pb_bg_layout_light et_pb_blurb_position_left et_animated et_pb_module et_block_module\"><div class=\"et_pb_blurb_content\"><div class=\"et_pb_main_blurb_image\"><span class=\"et_pb_image_wrap\"><span class=\"et-pb-icon et-waypoint et_pb_animation_top et_pb_animation_top_tablet et_pb_animation_top_phone\">Z<\/span><\/span><\/div><div class=\"et_pb_blurb_container\"><div class=\"et_pb_blurb_description\"><p><strong>Conseils en mati\u00e8re de sant\u00e9 et de bien-\u00eatre<\/strong>: Il n'est pas facile de rester en bonne sant\u00e9 pendant les s\u00e9ances d'\u00e9tude nocturnes et la vie tr\u00e9pidante du campus. Les professionnels de la sant\u00e9 de QuikCare Health donnent aux patients des conseils pratiques pour pr\u00e9server leur sant\u00e9 physique et se sentir au mieux de leur forme tout en conciliant les exigences de la vie \u00e9tudiante.<\/p>\n<\/div><\/div><\/div><\/div><\/div><\/div><div class=\"et_pb_row_6 et_pb_row et_block_row et_pb_section_parallax\"><span class=\"et-pb-parallax-wrapper\"><span class=\"et-pb-parallax-background et-pb-parallax-background--css et-pb-parallax-background-module--divi-row-6 lazyload\" style=\"background-image:inherit;background-color:#000000;background-blend-mode:overlay\" data-bg-image=\"url(https:\/\/teksmed.com\/wp-content\/uploads\/2025\/05\/Home-Consult-scaled.jpg)\"><\/span><\/span><div class=\"et_pb_column_9 et_pb_column et_pb_column_4_4 et-last-child et_block_column et_pb_css_mix_blend_mode_passthrough\"><div class=\"et_pb_text_5 et_pb_text et_pb_bg_layout_light et_pb_module et_block_module\"><div class=\"et_pb_text_inner\"><h3 style=\"text-align: center;\"><span style=\"color: #ffffff;\">Enhance students' access to quality care with QuikCare Health\u2019s virtual physiotherapy services.<\/span><\/h3>\n<h3 style=\"text-align: center;\"><span style=\"color: #ffffff;\">Mettez-les en contact avec des professionnels de la sant\u00e9 agr\u00e9\u00e9s, \u00e0 tout moment et en tout lieu.<\/span><\/h3>\n<\/div><\/div><div class=\"et_pb_text_6 et_pb_text et_pb_bg_layout_light et_pb_module et_block_module et_pb_text_align_center\"><div class=\"et_pb_text_inner\"><h2><span style=\"color: #ffffff;\">Investir dans la sant\u00e9 et le bien-\u00eatre de la prochaine g\u00e9n\u00e9ration.<\/span><\/h2>\n<\/div><\/div><div class=\"et_pb_module et_pb_button_module_wrapper et_pb_button_2_wrapper\"><a class=\"et_pb_button_2 et_pb_button et_pb_bg_layout_light et_pb_module et_block_module\" href=\"https:\/\/teksmed.com\/fr\/contact\/\">Contacter TeksMed<\/a><\/div><\/div><\/div><\/div><div class=\"et_pb_section_3 et_pb_section et_section_regular et_block_section\"><\/div>","protected":false},"excerpt":{"rendered":"","protected":false},"author":5,"featured_media":0,"parent":0,"menu_order":0,"comment_status":"closed","ping_status":"closed","template":"","meta":{"footnotes":""},"class_list":["post-237164","page","type-page","status-publish","hentry"],"_links":{"self":[{"href":"https:\/\/teksmed.com\/fr\/wp-json\/wp\/v2\/pages\/237164","targetHints":{"allow":["GET"]}}],"collection":[{"href":"https:\/\/teksmed.com\/fr\/wp-json\/wp\/v2\/pages"}],"about":[{"href":"https:\/\/teksmed.com\/fr\/wp-json\/wp\/v2\/types\/page"}],"author":[{"embeddable":true,"href":"https:\/\/teksmed.com\/fr\/wp-json\/wp\/v2\/users\/5"}],"replies":[{"embeddable":true,"href":"https:\/\/teksmed.com\/fr\/wp-json\/wp\/v2\/comments?post=237164"}],"version-history":[{"count":9,"href":"https:\/\/teksmed.com\/fr\/wp-json\/wp\/v2\/pages\/237164\/revisions"}],"predecessor-version":[{"id":237905,"href":"https:\/\/teksmed.com\/fr\/wp-json\/wp\/v2\/pages\/237164\/revisions\/237905"}],"wp:attachment":[{"href":"https:\/\/teksmed.com\/fr\/wp-json\/wp\/v2\/media?parent=237164"}],"curies":[{"name":"wp","href":"https:\/\/api.w.org\/{rel}","templated":true}]}}