{"id":64,"date":"2024-03-18T17:12:14","date_gmt":"2024-03-18T17:12:14","guid":{"rendered":"https:\/\/teksmed.com\/?page_id=64"},"modified":"2026-04-01T13:18:38","modified_gmt":"2026-04-01T13:18:38","slug":"recoverease","status":"publish","type":"page","link":"https:\/\/teksmed.com\/fr\/recoverease\/","title":{"rendered":"RecoverEase"},"content":{"rendered":"<div class=\"et_pb_section_0 et_pb_section et_section_regular et_block_section\"><div class=\"et_pb_row_0 et_pb_row et_pb_equal_columns et_block_row\"><div class=\"et_pb_column_0 et_pb_column et_pb_column_2_3 et_block_column et_pb_css_mix_blend_mode_passthrough\"><div class=\"et_pb_text_0 et_pb_text et_pb_bg_layout_light et_pb_module et_block_module\"><div class=\"et_pb_text_inner\"><h2>RecoverEase<\/h2>\n<\/div><\/div><div class=\"et_pb_text_1 et_pb_text et_pb_bg_layout_light et_pb_module et_block_module\"><div class=\"et_pb_text_inner\"><h3 class=\"vc_custom_heading\">Rationaliser l'administration et \u00e9viter les retards gr\u00e2ce \u00e0<span>\u00a0<\/span><b>RecoverEase<\/b><\/h3>\n<\/div><\/div><div class=\"et_pb_module et_pb_button_module_wrapper et_pb_button_0_wrapper\"><a class=\"et_pb_button_0 et_pb_button et_pb_bg_layout_light et_pb_module et_block_module\" href=\"https:\/\/teksmed.com\/fr\/contact\/\">Contacter TeksMed<\/a><\/div><\/div><div class=\"et_pb_column_1 et_pb_column et_pb_column_1_3 et-last-child et_block_column et_pb_column_empty et_pb_css_mix_blend_mode_passthrough\"><\/div><\/div><\/div><div class=\"et_pb_section_1 et_pb_section et_section_regular et_block_section\"><div class=\"et_pb_row_1 et_pb_row et_block_row\"><div class=\"et_pb_column_2 et_pb_column et_pb_column_4_4 et-last-child et_block_column et_pb_css_mix_blend_mode_passthrough\"><div class=\"et_pb_text_2 et_pb_text et_pb_bg_layout_light et_pb_module et_block_module\"><div class=\"et_pb_text_inner\"><h2>\u00c0 propos de RecoverEase<\/h2>\n<\/div><\/div><\/div><\/div><div class=\"et_pb_row_2 et_pb_row et_pb_equal_columns et_pb_gutters2 et_block_row\"><div class=\"et_pb_column_3 et_pb_column et_pb_column_1_3 et_block_column et_pb_css_mix_blend_mode_passthrough\"><div class=\"et_pb_text_3 et_pb_text et_pb_bg_layout_light et_pb_module et_block_module\"><\/div><\/div><div class=\"et_pb_column_4 et_pb_column et_pb_column_2_3 et-last-child et_block_column et_pb_css_mix_blend_mode_passthrough\"><div class=\"et_pb_text_4 et_pb_text et_pb_bg_layout_light et_pb_module et_block_module\"><div class=\"et_pb_text_inner\"><p><span>RecoverEase, le nouveau flux de travail enti\u00e8rement num\u00e9rique de TeksMed, modernise et rationalise l'administration de la gestion de l'invalidit\u00e9 et guide les employeurs tout au long du processus de retour au travail.<\/span><\/p>\n<p><span>L'objectif de RecoverEase est de simplifier les d\u00e9marches apr\u00e8s une blessure ou une maladie, tout en veillant \u00e0 ce que les informations requises soient obtenues d\u00e8s que possible. Les employeurs sont guid\u00e9s du d\u00e9but \u00e0 la fin par une interface enti\u00e8rement num\u00e9rique, ce qui leur permet d\u2019\u00eatre avis\u00e9 sans d\u00e9lai des documents soumis et des mesures prises par TeksMed.<\/span><\/p>\n<p><span>Avec RecoverEase, l'administration est rationalis\u00e9e et acc\u00e9l\u00e9r\u00e9e, ce qui \u00e9vite les retards et permet des r\u00e9cup\u00e9rations plus rapides.<\/span><\/p>\n<\/div><\/div><\/div><\/div><\/div><div class=\"et_pb_section_2 et_pb_section et_section_regular et_block_section\"><div class=\"et_pb_row_3 et_pb_row et_block_row\"><div class=\"et_pb_column_5 et_pb_column et_pb_column_4_4 et-last-child et_block_column et_pb_css_mix_blend_mode_passthrough\"><div class=\"et_pb_text_5 et_pb_text et_pb_bg_layout_light et_pb_module et_block_module\"><div class=\"et_pb_text_inner\"><h2>Un flux de travail post\u00e9rieur \u00e0 l\u2019accident enti\u00e8rement informatis\u00e9 qui acc\u00e9l\u00e8re la gestion des demandes d\u2019indemnisation<\/h2>\n<\/div><\/div><div class=\"et_pb_text_6 et_pb_text et_pb_bg_layout_light et_pb_module et_block_module et_pb_text_align_center\"><div class=\"et_pb_text_inner\"><h3>RecoverEase est une solution intuitive et sur mesure qui facilite votre travail.<span>\u00a0<\/span><em>votre<\/em><span>\u00a0<\/span>plus facile \u00e0 r\u00e9aliser.<\/h3>\n<\/div><\/div><\/div><\/div><div class=\"et_pb_row_4 et_pb_row et_pb_row_4col et_block_row et_block_row_4col\"><div class=\"et_pb_column_6 et_pb_column et_pb_column_1_4 et_block_column et_pb_css_mix_blend_mode_passthrough\"><div class=\"et_pb_blurb_0 et_pb_blurb et_pb_bg_layout_light et_pb_blurb_position_top et_animated et_pb_module et_block_module\"><div class=\"et_pb_blurb_content\"><div class=\"et_pb_main_blurb_image\"><span class=\"et_pb_image_wrap et_pb_only_image_mode_wrap\"><img decoding=\"async\" data-src=\"https:\/\/teksmed.com\/wp-content\/uploads\/2024\/04\/touch.png\" width=\"256\" height=\"256\" data-srcset=\"https:\/\/teksmed.com\/wp-content\/uploads\/2024\/04\/touch.png 256w, https:\/\/teksmed.com\/wp-content\/uploads\/2024\/04\/touch-150x150.png 150w\" data-sizes=\"(max-width: 256px) 100vw, 256px\" class=\"et-waypoint et_pb_animation_top et_pb_animation_top_tablet et_pb_animation_top_phone wp-image-235364 lazyload\" src=\"data:image\/svg+xml;base64,PHN2ZyB3aWR0aD0iMSIgaGVpZ2h0PSIxIiB4bWxucz0iaHR0cDovL3d3dy53My5vcmcvMjAwMC9zdmciPjwvc3ZnPg==\" style=\"--smush-placeholder-width: 256px; --smush-placeholder-aspect-ratio: 256\/256;\" \/><\/span><\/div><div class=\"et_pb_blurb_container\"><h3 class=\"et_pb_module_header\">Enti\u00e8rement num\u00e9rique<\/h3><\/div><\/div><\/div><\/div><div class=\"et_pb_column_7 et_pb_column et_pb_column_1_4 et_block_column et_pb_css_mix_blend_mode_passthrough\"><div class=\"et_pb_blurb_1 et_pb_blurb et_pb_bg_layout_light et_pb_blurb_position_top et_animated et_pb_module et_block_module\"><div class=\"et_pb_blurb_content\"><div class=\"et_pb_main_blurb_image\"><span class=\"et_pb_image_wrap et_pb_only_image_mode_wrap\"><img decoding=\"async\" data-src=\"https:\/\/teksmed.com\/wp-content\/uploads\/2024\/04\/info.png\" width=\"256\" height=\"256\" data-srcset=\"https:\/\/teksmed.com\/wp-content\/uploads\/2024\/04\/info.png 256w, https:\/\/teksmed.com\/wp-content\/uploads\/2024\/04\/info-150x150.png 150w\" data-sizes=\"(max-width: 256px) 100vw, 256px\" class=\"et-waypoint et_pb_animation_top et_pb_animation_top_tablet et_pb_animation_top_phone wp-image-235362 lazyload\" src=\"data:image\/svg+xml;base64,PHN2ZyB3aWR0aD0iMSIgaGVpZ2h0PSIxIiB4bWxucz0iaHR0cDovL3d3dy53My5vcmcvMjAwMC9zdmciPjwvc3ZnPg==\" style=\"--smush-placeholder-width: 256px; --smush-placeholder-aspect-ratio: 256\/256;\" \/><\/span><\/div><div class=\"et_pb_blurb_container\"><h3 class=\"et_pb_module_header\">Enti\u00e8rement guid\u00e9<\/h3><\/div><\/div><\/div><\/div><div class=\"et_pb_column_8 et_pb_column et_pb_column_1_4 et_block_column et_pb_css_mix_blend_mode_passthrough\"><div class=\"et_pb_blurb_2 et_pb_blurb et_pb_bg_layout_light et_pb_blurb_position_top et_animated et_pb_module et_block_module\"><div class=\"et_pb_blurb_content\"><div class=\"et_pb_main_blurb_image\"><span class=\"et_pb_image_wrap et_pb_only_image_mode_wrap\"><img decoding=\"async\" data-src=\"https:\/\/teksmed.com\/wp-content\/uploads\/2024\/04\/expired.png\" width=\"256\" height=\"256\" data-srcset=\"https:\/\/teksmed.com\/wp-content\/uploads\/2024\/04\/expired.png 256w, https:\/\/teksmed.com\/wp-content\/uploads\/2024\/04\/expired-150x150.png 150w\" data-sizes=\"(max-width: 256px) 100vw, 256px\" class=\"et-waypoint et_pb_animation_top et_pb_animation_top_tablet et_pb_animation_top_phone wp-image-235361 lazyload\" src=\"data:image\/svg+xml;base64,PHN2ZyB3aWR0aD0iMSIgaGVpZ2h0PSIxIiB4bWxucz0iaHR0cDovL3d3dy53My5vcmcvMjAwMC9zdmciPjwvc3ZnPg==\" style=\"--smush-placeholder-width: 256px; --smush-placeholder-aspect-ratio: 256\/256;\" \/><\/span><\/div><div class=\"et_pb_blurb_container\"><h3 class=\"et_pb_module_header\">\u00c9viter les retards<\/h3><\/div><\/div><\/div><\/div><div class=\"et_pb_column_9 et_pb_column et_pb_column_1_4 et-last-child et_block_column et_pb_css_mix_blend_mode_passthrough\"><div class=\"et_pb_blurb_3 et_pb_blurb et_pb_bg_layout_light et_pb_blurb_position_top et_animated et_pb_module et_block_module\"><div class=\"et_pb_blurb_content\"><div class=\"et_pb_main_blurb_image\"><span class=\"et_pb_image_wrap et_pb_only_image_mode_wrap\"><img decoding=\"async\" data-src=\"https:\/\/teksmed.com\/wp-content\/uploads\/2024\/04\/love-bell.png\" width=\"256\" height=\"256\" data-srcset=\"https:\/\/teksmed.com\/wp-content\/uploads\/2024\/04\/love-bell.png 256w, https:\/\/teksmed.com\/wp-content\/uploads\/2024\/04\/love-bell-150x150.png 150w\" data-sizes=\"(max-width: 256px) 100vw, 256px\" class=\"et-waypoint et_pb_animation_top et_pb_animation_top_tablet et_pb_animation_top_phone wp-image-235363 lazyload\" src=\"data:image\/svg+xml;base64,PHN2ZyB3aWR0aD0iMSIgaGVpZ2h0PSIxIiB4bWxucz0iaHR0cDovL3d3dy53My5vcmcvMjAwMC9zdmciPjwvc3ZnPg==\" style=\"--smush-placeholder-width: 256px; --smush-placeholder-aspect-ratio: 256\/256;\" \/><\/span><\/div><div class=\"et_pb_blurb_container\"><h3 class=\"et_pb_module_header\">Recevoir une notification<\/h3><\/div><\/div><\/div><\/div><\/div><div class=\"et_pb_row_5 et_pb_row et_block_row\"><div class=\"et_pb_column_10 et_pb_column et_pb_column_4_4 et-last-child et_block_column et_pb_css_mix_blend_mode_passthrough\"><div class=\"et_pb_module et_pb_button_module_wrapper et_pb_button_1_wrapper\"><a class=\"et_pb_button_1 et_pb_button et_pb_bg_layout_light et_pb_module et_block_module\" href=\"https:\/\/teksmed.com\/fr\/contact\/\">Contacter TeksMed<\/a><\/div><\/div><\/div><\/div><div class=\"et_pb_section_3 et_pb_section et_section_regular et_block_section\"><div class=\"et_pb_row_6 et_pb_row et_pb_equal_columns et_block_row\"><div class=\"et_pb_column_11 et_pb_column et_pb_column_1_3 et_block_column et_pb_css_mix_blend_mode_passthrough odc-1\"><div class=\"et_pb_blurb_4 et_pb_blurb et_pb_bg_layout_light et_pb_blurb_position_top et_animated et_pb_module et_block_module\"><div class=\"et_pb_blurb_content\"><div class=\"et_pb_blurb_container\"><h3 class=\"et_pb_module_header\">Enti\u00e8rement num\u00e9rique<\/h3><div class=\"et_pb_blurb_description\"><p><span>Plus besoin de formulaires papier ni de t\u00e9l\u00e9copieurs - remplissez, signez et soumettez tous les formulaires en ligne, \u00e0 partir de votre appareil mobile ou de votre ordinateur de bureau. R\u00e9duisez l'empreinte carbone de votre organisation et profitez de la commodit\u00e9 des formulaires virtuels \u00e0 la demande.<\/span><\/p>\n<\/div><\/div><\/div><\/div><\/div><div class=\"et_pb_column_12 et_pb_column et_pb_column_1_3 et_block_column et_pb_css_mix_blend_mode_passthrough odc-2\"><div class=\"et_pb_blurb_5 et_pb_blurb et_pb_bg_layout_light et_pb_blurb_position_top et_animated et_pb_module et_block_module\"><div class=\"et_pb_blurb_content\"><div class=\"et_pb_blurb_container\"><h3 class=\"et_pb_module_header\">Modification des t\u00e2ches automatis\u00e9es<\/h3><div class=\"et_pb_blurb_description\"><p><span>L'offre personnalis\u00e9e de t\u00e2ches modifi\u00e9es de votre entreprise s'adaptera dynamiquement en fonction de la zone de blessure indiqu\u00e9e. Cela signifie que vos directeurs\/superviseurs n'auront pas \u00e0 passer du temps \u00e0 examiner l'ad\u00e9quation d'une t\u00e2che donn\u00e9e avec la blessure en question ; nos coordinateurs de retour au travail exp\u00e9riment\u00e9s et form\u00e9s examineront les t\u00e2ches modifi\u00e9es de votre entreprise et les organiseront en fonction de leur ad\u00e9quation avec une vari\u00e9t\u00e9 de types de blessures.<\/span><\/p>\n<\/div><\/div><\/div><\/div><\/div><div class=\"et_pb_column_13 et_pb_column et_pb_column_1_3 et-last-child et_block_column et_pb_css_mix_blend_mode_passthrough odc-3\"><div class=\"et_pb_blurb_6 et_pb_blurb et_pb_bg_layout_light et_pb_blurb_position_top et_animated et_pb_module et_block_module\"><div class=\"et_pb_blurb_content\"><div class=\"et_pb_blurb_container\"><h3 class=\"et_pb_module_header\">Une transition sans heurts<\/h3><div class=\"et_pb_blurb_description\"><p><span>\u00c0 chaque \u00e9tape du processus, les utilisateurs sont dirig\u00e9s vers la prochaine action appropri\u00e9e, par le biais de notifications par courrier \u00e9lectronique et de messages automatis\u00e9s. Le passage d'un formulaire \u00e0 l'autre se fait de mani\u00e8re transparente, de la d\u00e9claration de la demande d\u2019indemnisation \u00e0 TeksMed \u00e0 la transmission des formulaires m\u00e9dicaux n\u00e9cessaires. Si \u00e0 n'importe quel moment du processus vous n'\u00eates pas s\u00fbr de ce qu'il faut faire ensuite, tout est indiqu\u00e9 sur votre tableau de bord TeksMed.<\/span><\/p>\n<\/div><\/div><\/div><\/div><\/div><\/div><div class=\"et_pb_row_7 et_pb_row et_pb_equal_columns et_block_row\"><div class=\"et_pb_column_14 et_pb_column et_pb_column_1_2 et_block_column et_pb_css_mix_blend_mode_passthrough odc-1\"><div class=\"et_pb_blurb_7 et_pb_blurb et_pb_bg_layout_light et_pb_blurb_position_top et_animated et_pb_module et_block_module\"><div class=\"et_pb_blurb_content\"><div class=\"et_pb_blurb_container\"><h3 class=\"et_pb_module_header\">Notifications<\/h3><div class=\"et_pb_blurb_description\"><p><span>\u00c0 chaque \u00e9tape du processus, les parties concern\u00e9es re\u00e7oivent des notifications par courrier \u00e9lectronique, afin de garantir le respect des proc\u00e9dures et des d\u00e9lais. En plus de tenir l'employeur et TeksMed inform\u00e9s, ces notifications comprennent \u00e9galement des conseils suppl\u00e9mentaires pour clarifier les prochaines \u00e9tapes.<\/span><\/p>\n<\/div><\/div><\/div><\/div><\/div><div class=\"et_pb_column_15 et_pb_column et_pb_column_1_2 et-last-child et_block_column et_pb_css_mix_blend_mode_passthrough odc-2\"><div class=\"et_pb_blurb_8 et_pb_blurb et_pb_bg_layout_light et_pb_blurb_position_top et_animated et_pb_module et_block_module\"><div class=\"et_pb_blurb_content\"><div class=\"et_pb_blurb_container\"><h3 class=\"et_pb_module_header\">Offres \u00e0 distance<\/h3><div class=\"et_pb_blurb_description\"><p><span>Que le travailleur soit sur place, qu'il travaille hors site ou sur la route ou qu'il soit parti consulter un m\u00e9decin, vos responsables ont toujours la possibilit\u00e9 de lui proposer des t\u00e2ches modifi\u00e9es. Une fois la partie du formulaire r\u00e9serv\u00e9e \u00e0 l'employeur remplie, vous pouvez envoyer l'offre au travailleur par courrier \u00e9lectronique, et celui-ci peut soumettre son acceptation ou son refus imm\u00e9diatement.<\/span><\/p>\n<\/div><\/div><\/div><\/div><\/div><\/div><\/div><div class=\"et_pb_section_4 et_pb_section et_section_regular et_block_section\"><div class=\"et_pb_row_8 et_pb_row et-vb-row--no-module et_pb_equal_columns et_block_row\"><div class=\"et_pb_column_16 et_pb_column et_pb_column_1_3 et_block_column et_pb_column_empty et_pb_css_mix_blend_mode_passthrough odc-1\"><\/div><div class=\"et_pb_column_17 et_pb_column et_pb_column_1_3 et_block_column et_pb_column_empty et_pb_css_mix_blend_mode_passthrough odc-1\"><\/div><div class=\"et_pb_column_18 et_pb_column et_pb_column_1_3 et-last-child et_block_column et_pb_column_empty et_pb_css_mix_blend_mode_passthrough odc-1\"><\/div><\/div><div class=\"et_pb_row_9 et_pb_row et-vb-row--no-module et_pb_equal_columns et_block_row\"><div class=\"et_pb_column_19 et_pb_column et_pb_column_1_2 et_block_column et_pb_column_empty et_pb_css_mix_blend_mode_passthrough odc-1\"><\/div><div class=\"et_pb_column_20 et_pb_column et_pb_column_1_2 et-last-child et_block_column et_pb_column_empty et_pb_css_mix_blend_mode_passthrough odc-1\"><\/div><\/div><\/div><div class=\"et_pb_section_5 et_pb_section et_section_regular et_block_section\"><div class=\"et_pb_row_10 et_pb_row et_block_row\"><div class=\"et_pb_column_21 et_pb_column et_pb_column_4_4 et-last-child et_block_column et_pb_css_mix_blend_mode_passthrough\"><div class=\"et_pb_text_7 et_pb_text et_pb_bg_layout_light et_pb_module et_block_module\"><div class=\"et_pb_text_inner\"><h2>Voir les avantages de notre programme<\/h2>\n<\/div><\/div><\/div><\/div><div class=\"et_pb_row_11 et_pb_row et_pb_equal_columns et_block_row\"><div class=\"et_pb_column_22 et_pb_column et_pb_column_1_3 et_block_column et_pb_css_mix_blend_mode_passthrough odc-1\"><div class=\"et_pb_blurb_9 et_pb_blurb et_pb_bg_layout_light et_pb_blurb_position_top et_animated et_pb_module et_block_module\"><div class=\"et_pb_blurb_content\"><div class=\"et_pb_main_blurb_image\"><span class=\"et_pb_image_wrap et_pb_only_image_mode_wrap\"><img decoding=\"async\" data-src=\"https:\/\/teksmed.com\/wp-content\/uploads\/2024\/06\/person.png\" width=\"64\" height=\"64\" data-srcset=\"https:\/\/teksmed.com\/wp-content\/uploads\/2024\/06\/person.png 64w\" data-sizes=\"(max-width: 64px) 100vw, 64px\" class=\"et-waypoint et_pb_animation_top et_pb_animation_top_tablet et_pb_animation_top_phone wp-image-236051 lazyload\" src=\"data:image\/svg+xml;base64,PHN2ZyB3aWR0aD0iMSIgaGVpZ2h0PSIxIiB4bWxucz0iaHR0cDovL3d3dy53My5vcmcvMjAwMC9zdmciPjwvc3ZnPg==\" style=\"--smush-placeholder-width: 64px; --smush-placeholder-aspect-ratio: 64\/64;\" \/><\/span><\/div><div class=\"et_pb_blurb_container\"><h3 class=\"et_pb_module_header\">Adapt\u00e9 \u00e0 la r\u00e9gion l\u00e9s\u00e9e<\/h3><div class=\"et_pb_blurb_description\"><p><span>Les t\u00e2ches modifi\u00e9es disponibles s'adaptent dynamiquement en fonction de la zone de blessure indiqu\u00e9e.<\/span><\/p>\n<\/div><\/div><\/div><\/div><\/div><div class=\"et_pb_column_23 et_pb_column et_pb_column_1_3 et_block_column et_pb_css_mix_blend_mode_passthrough odc-2\"><div class=\"et_pb_blurb_10 et_pb_blurb et_pb_bg_layout_light et_pb_blurb_position_top et_animated et_pb_module et_block_module\"><div class=\"et_pb_blurb_content\"><div class=\"et_pb_main_blurb_image\"><span class=\"et_pb_image_wrap et_pb_only_image_mode_wrap\"><img decoding=\"async\" data-src=\"https:\/\/teksmed.com\/wp-content\/uploads\/2024\/06\/ui-design.png\" width=\"64\" height=\"64\" data-srcset=\"https:\/\/teksmed.com\/wp-content\/uploads\/2024\/06\/ui-design.png 64w\" data-sizes=\"(max-width: 64px) 100vw, 64px\" class=\"et-waypoint et_pb_animation_top et_pb_animation_top_tablet et_pb_animation_top_phone wp-image-236053 lazyload\" src=\"data:image\/svg+xml;base64,PHN2ZyB3aWR0aD0iMSIgaGVpZ2h0PSIxIiB4bWxucz0iaHR0cDovL3d3dy53My5vcmcvMjAwMC9zdmciPjwvc3ZnPg==\" style=\"--smush-placeholder-width: 64px; --smush-placeholder-aspect-ratio: 64\/64;\" \/><\/span><\/div><div class=\"et_pb_blurb_container\"><h3 class=\"et_pb_module_header\">Envoyer des offres \u00e0 distance<\/h3><div class=\"et_pb_blurb_description\"><p><span>Que le travailleur soit sur place, hors site ou qu'il soit d\u00e9j\u00e0 parti chercher des soins m\u00e9dicaux, vous avez\ntoujours la possibilit\u00e9 de lui proposer des t\u00e2ches modifi\u00e9es.<\/span><\/p>\n<\/div><\/div><\/div><\/div><\/div><div class=\"et_pb_column_24 et_pb_column et_pb_column_1_3 et-last-child et_block_column et_pb_css_mix_blend_mode_passthrough odc-3\"><div class=\"et_pb_blurb_11 et_pb_blurb et_pb_bg_layout_light et_pb_blurb_position_top et_animated et_pb_module et_block_module\"><div class=\"et_pb_blurb_content\"><div class=\"et_pb_main_blurb_image\"><span class=\"et_pb_image_wrap et_pb_only_image_mode_wrap\"><img decoding=\"async\" data-src=\"https:\/\/teksmed.com\/wp-content\/uploads\/2024\/06\/alert.png\" width=\"64\" height=\"64\" data-srcset=\"https:\/\/teksmed.com\/wp-content\/uploads\/2024\/06\/alert.png 64w\" data-sizes=\"(max-width: 64px) 100vw, 64px\" class=\"et-waypoint et_pb_animation_top et_pb_animation_top_tablet et_pb_animation_top_phone wp-image-236049 lazyload\" src=\"data:image\/svg+xml;base64,PHN2ZyB3aWR0aD0iMSIgaGVpZ2h0PSIxIiB4bWxucz0iaHR0cDovL3d3dy53My5vcmcvMjAwMC9zdmciPjwvc3ZnPg==\" style=\"--smush-placeholder-width: 64px; --smush-placeholder-aspect-ratio: 64\/64;\" \/><\/span><\/div><div class=\"et_pb_blurb_container\"><h3 class=\"et_pb_module_header\">Notifications imm\u00e9diates<\/h3><div class=\"et_pb_blurb_description\"><p><span>Des notifications par courrier \u00e9lectronique sont envoy\u00e9es \u00e0 chaque \u00e9tape du processus, \u00e0 toutes les parties concern\u00e9es : l'employeur, le travailleur et TeksMed.<\/span><\/p>\n<\/div><\/div><\/div><\/div><\/div><\/div><\/div><div class=\"et_pb_section_6 et_pb_section et_section_regular et_block_section\"><div class=\"et_pb_row_12 et_pb_row et_block_row\"><div class=\"et_pb_column_25 et_pb_column et_pb_column_4_4 et-last-child et_block_column et_pb_css_mix_blend_mode_passthrough\"><div class=\"et_pb_text_8 et_pb_text et_pb_bg_layout_light et_pb_module et_block_module\"><div class=\"et_pb_text_inner\"><h3>Avantages de RecoverEase<\/h3>\n<\/div><\/div><\/div><\/div><div class=\"et_pb_row_13 et_pb_row et_pb_equal_columns et_block_row\"><div class=\"et_pb_column_26 et_pb_column et_pb_column_2_3 et_block_column et_pb_css_mix_blend_mode_passthrough\"><div class=\"et_pb_blurb_12 et_pb_blurb et_pb_bg_layout_light et_pb_blurb_position_left et_animated et_pb_module et_block_module\"><div class=\"et_pb_blurb_content\"><div class=\"et_pb_main_blurb_image\"><span class=\"et_pb_image_wrap\"><span class=\"et-pb-icon et-waypoint et_pb_animation_top et_pb_animation_top_tablet et_pb_animation_top_phone\">Z<\/span><\/span><\/div><div class=\"et_pb_blurb_container\"><div class=\"et_pb_blurb_description\"><p>Il n'est plus n\u00e9cessaire d'imprimer, de stocker ou de rechercher des documents physiques : chaque \u00e9tape est informatis\u00e9e, de la d\u00e9claration de la demande de r\u00e8glement \u00e0 TeksMed \u00e0 la transmission des formulaires m\u00e9dicaux au m\u00e9decin de l\u2019employ\u00e9.<\/p>\n<\/div><\/div><\/div><\/div><div class=\"et_pb_blurb_13 et_pb_blurb et_pb_bg_layout_light et_pb_blurb_position_left et_animated et_pb_module et_block_module\"><div class=\"et_pb_blurb_content\"><div class=\"et_pb_main_blurb_image\"><span class=\"et_pb_image_wrap\"><span class=\"et-pb-icon et-waypoint et_pb_animation_top et_pb_animation_top_tablet et_pb_animation_top_phone\">Z<\/span><\/span><\/div><div class=\"et_pb_blurb_container\"><div class=\"et_pb_blurb_description\"><p>Les formulaires soumis sont re\u00e7us imm\u00e9diatement par TeksMed, ce qui r\u00e9duit les retards inutiles et permet une action plus rapide et, par cons\u00e9quent, le retour au travail.<\/p>\n<\/div><\/div><\/div><\/div><div class=\"et_pb_blurb_14 et_pb_blurb et_pb_bg_layout_light et_pb_blurb_position_left et_animated et_pb_module et_block_module\"><div class=\"et_pb_blurb_content\"><div class=\"et_pb_main_blurb_image\"><span class=\"et_pb_image_wrap\"><span class=\"et-pb-icon et-waypoint et_pb_animation_top et_pb_animation_top_tablet et_pb_animation_top_phone\">Z<\/span><\/span><\/div><div class=\"et_pb_blurb_container\"><div class=\"et_pb_blurb_description\"><p>Gr\u00e2ce aux notifications envoy\u00e9es \u00e0 chaque \u00e9tape, vous b\u00e9n\u00e9ficiez d'une transparence totale tout au long du processus, ce qui vous permet de responsabiliser le personnel et d'identifier les possibilit\u00e9s d'am\u00e9lioration.<\/p>\n<\/div><\/div><\/div><\/div><\/div><div class=\"et_pb_column_27 et_pb_column et_pb_column_1_3 et-last-child et_block_column et_pb_css_mix_blend_mode_passthrough\"><div class=\"et_pb_module et_pb_button_module_wrapper et_pb_button_2_wrapper\"><a class=\"et_pb_button_2 et_pb_button et_pb_bg_layout_light et_animated et_pb_module et_block_module\" href=\"https:\/\/teksmed.com\/fr\/contact\/\">En savoir plus<\/a><\/div><\/div><\/div><div class=\"et_pb_row_14 et_pb_row et_block_row\"><div class=\"et_pb_column_28 et_pb_column et_pb_column_4_4 et-last-child et_block_column et_pb_css_mix_blend_mode_passthrough\"><div class=\"et_pb_code_0 et_pb_code et_pb_module\"><div class=\"et_pb_code_inner\"><script type=\"text\/javascript\">\n\tjQuery(document).ready(function(){\n\t\t\n\t\tjQuery(\".odc-1\").hover(\n\t\t\tfunction(){\n\t\t\tjQuery(this).find(\"img\").attr(\"src\", \"https:\/\/teksmed.com\/wp-content\/uploads\/2024\/06\/person-1.png\")\n\t\t\tjQuery(this).find(\"img\").attr(\"srcset\", \"https:\/\/teksmed.com\/wp-content\/uploads\/2024\/06\/person-1.png\")\n\t\t}, function(){\n\t\t\tjQuery(this).find(\"img\").attr(\"src\", \"https:\/\/teksmed.com\/wp-content\/uploads\/2024\/06\/person.png\")\n\t\t\tjQuery(this).find(\"img\").attr(\"srcset\", \"https:\/\/teksmed.com\/wp-content\/uploads\/2024\/06\/person.png\")\n\t\t});\n\t\t \n\t\tjQuery(\".odc-2\").hover(\n\t\t\tfunction(){\n\t\t\tjQuery(this).find(\"img\").attr(\"src\", \"https:\/\/teksmed.com\/wp-content\/uploads\/2024\/06\/ui-design-1.png\")\n\t\t\tjQuery(this).find(\"img\").attr(\"srcset\", \"https:\/\/teksmed.com\/wp-content\/uploads\/2024\/06\/ui-design-1.png\")\n\t\t}, function(){\n\t\t\tjQuery(this).find(\"img\").attr(\"src\", \"https:\/\/teksmed.com\/wp-content\/uploads\/2024\/06\/ui-design.png\")\n\t\t\tjQuery(this).find(\"img\").attr(\"srcset\", \"https:\/\/teksmed.com\/wp-content\/uploads\/2024\/06\/ui-design.png\")\n\t\t});\n\t\t\n\t\t\n\t\tjQuery(\".odc-3\").hover(\n\t\t\tfunction(){\n\t\t\tjQuery(this).find(\"img\").attr(\"src\", \"https:\/\/teksmed.com\/wp-content\/uploads\/2024\/06\/alert-1.png\")\n\t\t\tjQuery(this).find(\"img\").attr(\"srcset\", \"https:\/\/teksmed.com\/wp-content\/uploads\/2024\/06\/alert-1.png\")\n\t\t}, function(){\n\t\t\tjQuery(this).find(\"img\").attr(\"src\", \"https:\/\/teksmed.com\/wp-content\/uploads\/2024\/06\/alert.png\")\n\t\t\tjQuery(this).find(\"img\").attr(\"srcset\", \"https:\/\/teksmed.com\/wp-content\/uploads\/2024\/06\/alert.png\")\n\t\t});\n\t\t\n\t})\n<\/script><\/div><\/div><\/div><\/div><\/div>","protected":false},"excerpt":{"rendered":"","protected":false},"author":3,"featured_media":0,"parent":0,"menu_order":0,"comment_status":"closed","ping_status":"closed","template":"","meta":{"footnotes":""},"class_list":["post-64","page","type-page","status-publish","hentry"],"_links":{"self":[{"href":"https:\/\/teksmed.com\/fr\/wp-json\/wp\/v2\/pages\/64","targetHints":{"allow":["GET"]}}],"collection":[{"href":"https:\/\/teksmed.com\/fr\/wp-json\/wp\/v2\/pages"}],"about":[{"href":"https:\/\/teksmed.com\/fr\/wp-json\/wp\/v2\/types\/page"}],"author":[{"embeddable":true,"href":"https:\/\/teksmed.com\/fr\/wp-json\/wp\/v2\/users\/3"}],"replies":[{"embeddable":true,"href":"https:\/\/teksmed.com\/fr\/wp-json\/wp\/v2\/comments?post=64"}],"version-history":[{"count":24,"href":"https:\/\/teksmed.com\/fr\/wp-json\/wp\/v2\/pages\/64\/revisions"}],"predecessor-version":[{"id":237880,"href":"https:\/\/teksmed.com\/fr\/wp-json\/wp\/v2\/pages\/64\/revisions\/237880"}],"wp:attachment":[{"href":"https:\/\/teksmed.com\/fr\/wp-json\/wp\/v2\/media?parent=64"}],"curies":[{"name":"wp","href":"https:\/\/api.w.org\/{rel}","templated":true}]}}