{"id":70,"date":"2024-03-18T17:13:04","date_gmt":"2024-03-18T17:13:04","guid":{"rendered":"https:\/\/teksmed.com\/?page_id=70"},"modified":"2026-04-01T13:18:45","modified_gmt":"2026-04-01T13:18:45","slug":"mental-health-workshops","status":"publish","type":"page","link":"https:\/\/teksmed.com\/fr\/mental-health-workshops\/","title":{"rendered":"Ateliers sur la sant\u00e9 mentale"},"content":{"rendered":"<div class=\"et_pb_section_0 et_pb_section et_section_regular et_block_section\"><div class=\"et_pb_row_0 et_pb_row et_pb_equal_columns et_block_row\"><div class=\"et_pb_column_0 et_pb_column et_pb_column_2_3 et_block_column et_pb_css_mix_blend_mode_passthrough\"><div class=\"et_pb_text_0 et_pb_text et_pb_bg_layout_light et_pb_module et_block_module\"><div class=\"et_pb_text_inner\"><h2>Ateliers sur la sant\u00e9 mentale<\/h2>\n<\/div><\/div><div class=\"et_pb_text_1 et_pb_text et_pb_bg_layout_light et_pb_module et_block_module\"><div class=\"et_pb_text_inner\"><p>Les ateliers durent de une \u00e0 quatre heures et sont disponibles virtuellement ou en personne. Si vous souhaitez qu'un expert en sant\u00e9 mentale dispense une formation \u00e0 votre personnel ou \u00e0 vos responsables, ou si vous souhaitez vous renseigner sur d'autres possibilit\u00e9s de formation en sant\u00e9 mentale qui ne figurent pas dans la liste ci-dessous, veuillez contacter <a href=\"mailto:info@teksmed.com\">info@teksmed.com<\/a>.<\/p>\n<\/div><\/div><div class=\"et_pb_module et_pb_button_module_wrapper et_pb_button_0_wrapper\"><a class=\"et_pb_button_0 et_pb_button et_pb_bg_layout_light et_pb_module et_block_module\" href=\"https:\/\/teksmed.com\/fr\/contact\/\">Contacter TeksMed<\/a><\/div><\/div><div class=\"et_pb_column_1 et_pb_column et_pb_column_1_3 et-last-child et_block_column et_pb_column_empty et_pb_css_mix_blend_mode_passthrough\"><\/div><\/div><\/div><div class=\"et_pb_section_1 et_pb_section et_section_regular et_block_section\"><div class=\"et_pb_row_1 et_pb_row et_block_row\"><div class=\"et_pb_column_2 et_pb_column et_pb_column_4_4 et-last-child et_block_column et_pb_css_mix_blend_mode_passthrough\"><div class=\"et_pb_text_2 et_pb_text et_pb_bg_layout_light et_pb_module et_block_module\"><div class=\"et_pb_text_inner\"><h2>Ateliers disponibles<\/h2>\n<\/div><\/div><div class=\"et_pb_text_3 et_pb_text et_pb_bg_layout_light et_pb_module et_block_module et_pb_text_align_center\"><div class=\"et_pb_text_inner\"><p>La liste des s\u00e9minaires ci-dessous pr\u00e9sente un certain nombre de sessions de formation interactives disponibles pour vous et vos employ\u00e9s, pr\u00e9sent\u00e9es par le directeur de la sant\u00e9 mentale et du bien-\u00eatre de MSABC, le Dr Steve Conway.\u00a0<\/p>\n<\/div><\/div><\/div><\/div><div class=\"et_pb_row_2 et_pb_row et_pb_equal_columns et_pb_gutters2 et_block_row\"><div class=\"et_pb_column_3 et_pb_column et_pb_column_2_5 et_block_column et_pb_css_mix_blend_mode_passthrough\"><div class=\"et_pb_text_4 et_pb_text et_pb_bg_layout_light et_pb_module et_block_module\"><\/div><\/div><div class=\"et_pb_column_4 et_pb_column et_pb_column_3_5 et-last-child et_block_column et_pb_css_mix_blend_mode_passthrough\"><div class=\"et_pb_text_5 et_pb_text et_pb_bg_layout_light et_pb_module et_block_module\"><div class=\"et_pb_text_inner\"><p>\u25c9 <em> Gestion de la sant\u00e9 mentale pour les dirigeants<\/em><\/p>\n<p>\u25c9 <em>Sensibilisation \u00e0 la sant\u00e9 mentale sur le lieu de travail<\/em><\/p>\n<p>\u25c9<em> Intimidation et harc\u00e8lement sur le lieu de travail<\/em><\/p>\n<p>\u25c9 <em>Gestion du stress : Moins de stress, plus de vie<\/em><\/p>\n<p>\u25c9 <em>La r\u00e9silience : S'\u00e9lever<\/em><\/p>\n<p>\u25c9<em> Promouvoir la sant\u00e9 mentale et le bien-\u00eatre<\/em><\/p>\n<p>\u25c9 <em>Surmonter les blessures psychologiques sur le lieu de travail pour les dirigeants<\/em><\/p>\n<p>\u25c9 <em>Surmonter les blessures psychologiques sur le lieu de travail pour les employ\u00e9s<\/em><\/p>\n<p>\u25c9 <em>Diriger avec l'intelligence \u00e9motionnelle : Le lien entre le QE et la s\u00e9curit\u00e9 psychologique au travail<\/em><\/p>\n<p>\u25c9 <em>Connecter et respecter : Le professionnalisme sur le lieu de travail<\/em><\/p>\n<\/div><\/div><div class=\"et_pb_module et_pb_button_module_wrapper et_pb_button_1_wrapper\"><a class=\"et_pb_button_1 et_pb_button et_pb_bg_layout_light et_pb_module et_block_module\" href=\"https:\/\/teksmed.com\/fr\/contact\/\">Contactez-nous d\u00e8s aujourd'hui<\/a><\/div><\/div><\/div><\/div>","protected":false},"excerpt":{"rendered":"","protected":false},"author":3,"featured_media":0,"parent":0,"menu_order":0,"comment_status":"closed","ping_status":"closed","template":"","meta":{"footnotes":""},"class_list":["post-70","page","type-page","status-publish","hentry"],"_links":{"self":[{"href":"https:\/\/teksmed.com\/fr\/wp-json\/wp\/v2\/pages\/70","targetHints":{"allow":["GET"]}}],"collection":[{"href":"https:\/\/teksmed.com\/fr\/wp-json\/wp\/v2\/pages"}],"about":[{"href":"https:\/\/teksmed.com\/fr\/wp-json\/wp\/v2\/types\/page"}],"author":[{"embeddable":true,"href":"https:\/\/teksmed.com\/fr\/wp-json\/wp\/v2\/users\/3"}],"replies":[{"embeddable":true,"href":"https:\/\/teksmed.com\/fr\/wp-json\/wp\/v2\/comments?post=70"}],"version-history":[{"count":2,"href":"https:\/\/teksmed.com\/fr\/wp-json\/wp\/v2\/pages\/70\/revisions"}],"predecessor-version":[{"id":237883,"href":"https:\/\/teksmed.com\/fr\/wp-json\/wp\/v2\/pages\/70\/revisions\/237883"}],"wp:attachment":[{"href":"https:\/\/teksmed.com\/fr\/wp-json\/wp\/v2\/media?parent=70"}],"curies":[{"name":"wp","href":"https:\/\/api.w.org\/{rel}","templated":true}]}}