{"id":72,"date":"2024-03-18T17:13:15","date_gmt":"2024-03-18T17:13:15","guid":{"rendered":"https:\/\/teksmed.com\/?page_id=72"},"modified":"2026-04-01T13:18:47","modified_gmt":"2026-04-01T13:18:47","slug":"other-services","status":"publish","type":"page","link":"https:\/\/teksmed.com\/fr\/other-services\/","title":{"rendered":"Autres services"},"content":{"rendered":"<div class=\"et_pb_section_0 et_pb_section et_section_regular et_block_section\"><div class=\"et_pb_row_0 et_pb_row et_pb_equal_columns et_block_row\"><div class=\"et_pb_column_0 et_pb_column et_pb_column_2_3 et_block_column et_pb_css_mix_blend_mode_passthrough\"><div class=\"et_pb_text_0 et_pb_text et_pb_bg_layout_light et_pb_module et_block_module\"><div class=\"et_pb_text_inner\"><h2>Autres services que nous proposons<\/h2>\n<\/div><\/div><div class=\"et_pb_text_1 et_pb_text et_pb_bg_layout_light et_pb_module et_block_module\"><div class=\"et_pb_text_inner\"><p>TeksMed est plus que la gestion de l'invalidit\u00e9 - TeksMed a la solution compl\u00e8te. Nos responsables des relations avec les clients sont heureux de vous aider de quelque mani\u00e8re que ce soit : orientations pour les employeurs et les employ\u00e9s, aper\u00e7us des programmes d'\u00e9valuation de l'exp\u00e9rience, meilleures pratiques pour le retour au travail, et bien plus encore ! Voici une liste de services suppl\u00e9mentaires que TeksMed est en mesure d'apporter \u00e0 ses clients<\/p>\n<\/div><\/div><div class=\"et_pb_module et_pb_button_module_wrapper et_pb_button_0_wrapper\"><a class=\"et_pb_button_0 et_pb_button et_pb_bg_layout_light et_pb_module et_block_module\" href=\"https:\/\/teksmed.com\/fr\/contact\/\">Contacter TeksMed<\/a><\/div><\/div><div class=\"et_pb_column_1 et_pb_column et_pb_column_1_3 et-last-child et_block_column et_pb_column_empty et_pb_css_mix_blend_mode_passthrough\"><\/div><\/div><\/div><div class=\"et_pb_section_1 et_pb_section et_section_regular et_block_section\"><div class=\"et_pb_row_1 et_pb_row et_pb_gutters2 et_block_row\"><div class=\"et_pb_column_2 et_pb_column et_pb_column_1_3 et_block_column et_pb_css_mix_blend_mode_passthrough\"><div class=\"et_pb_text_2 et_pb_text et_pb_bg_layout_light et_clickable et_pb_module et_block_module\"><\/div><div class=\"et_pb_text_3 et_pb_text et_pb_bg_layout_light et_clickable et_pb_module et_block_module et_pb_text_align_center\"><div class=\"et_pb_text_inner\"><h4>\u00c9valuation de la capacit\u00e9 fonctionnelle - ECF<\/h4>\n<p><a href=\"#functional\"><span>Lire la suite<\/span><\/a><\/p>\n<\/div><\/div><\/div><div class=\"et_pb_column_3 et_pb_column et_pb_column_1_3 et_block_column et_pb_css_mix_blend_mode_passthrough\"><div class=\"et_pb_text_4 et_pb_text et_pb_bg_layout_light et_clickable et_pb_module et_block_module\"><\/div><div class=\"et_pb_text_5 et_pb_text et_pb_bg_layout_light et_clickable et_pb_module et_block_module et_pb_text_align_center\"><div class=\"et_pb_text_inner\"><h4>Services de gestion des absences<\/h4>\n<p><a href=\"#absense\"><span>Lire la suite<\/span><\/a><\/p>\n<\/div><\/div><\/div><div class=\"et_pb_column_4 et_pb_column et_pb_column_1_3 et-last-child et_block_column et_pb_css_mix_blend_mode_passthrough\"><div class=\"et_pb_text_6 et_pb_text et_pb_bg_layout_light et_clickable et_pb_module et_block_module\"><\/div><div class=\"et_pb_text_7 et_pb_text et_pb_bg_layout_light et_clickable et_pb_module et_block_module et_pb_text_align_center\"><div class=\"et_pb_text_inner\"><h4>\u00c9valuations m\u00e9dicales ind\u00e9pendantes - EMI<\/h4>\n<p><a href=\"#ime\"><span>Lire la suite<\/span><\/a><\/p>\n<\/div><\/div><\/div><\/div><div class=\"et_pb_row_2 et_pb_row et_block_row\"><div class=\"et_pb_column_5 et_pb_column et_pb_column_1_3 et_block_column et_pb_css_mix_blend_mode_passthrough\"><div class=\"et_pb_text_8 et_pb_text et_pb_bg_layout_light et_clickable et_pb_module et_block_module\"><\/div><div class=\"et_pb_text_9 et_pb_text et_pb_bg_layout_light et_clickable et_pb_module et_block_module et_pb_text_align_center\"><div class=\"et_pb_text_inner\"><h4>Recouvrement des co\u00fbts des r\u00e9clamations<\/h4>\n<p><a href=\"#claim-cost\"><span>Lire la suite<\/span><\/a><\/p>\n<\/div><\/div><\/div><div class=\"et_pb_column_6 et_pb_column et_pb_column_1_3 et_block_column et_pb_css_mix_blend_mode_passthrough\"><div class=\"et_pb_text_10 et_pb_text et_pb_bg_layout_light et_clickable et_pb_module et_block_module\"><\/div><div class=\"et_pb_text_11 et_pb_text et_pb_bg_layout_light et_clickable et_pb_module et_block_module et_pb_text_align_center\"><div class=\"et_pb_text_inner\"><h4>Surveillance<\/h4>\n<p><a href=\"#survellience\"><span>Lire la suite<\/span><\/a><\/p>\n<\/div><\/div><\/div><div class=\"et_pb_column_7 et_pb_column et_pb_column_1_3 et-last-child et_block_column et_pb_css_mix_blend_mode_passthrough\"><div class=\"et_pb_text_12 et_pb_text et_pb_bg_layout_light et_clickable et_pb_module et_block_module\"><\/div><div class=\"et_pb_text_13 et_pb_text et_pb_bg_layout_light et_clickable et_pb_module et_block_module et_pb_text_align_center\"><div class=\"et_pb_text_inner\"><h4>Conseil en gestion<\/h4>\n<p><a href=\"#management\"><span>Lire la suite<\/span><\/a><\/p>\n<\/div><\/div><\/div><\/div><\/div><div id=\"claim-cost\" class=\"et_d4_element et_pb_section et_pb_section_2 popup  et_pb_css_mix_blend_mode et_section_regular et_block_section\" >\n\t\t\t\t\n\t\t\t\t\n\t\t\t\t\n\t\t\t\t\n\t\t\t\t\n\t\t\t\t\n\t\t\t\t<div class=\"et_d4_element et_pb_row et_pb_row_3 et_pb_equal_columns  et_pb_css_mix_blend_mode et_block_row\">\n\t\t\t\t<div class=\"et_d4_element et_pb_column_2_5 et_pb_column et_pb_column_8  et_pb_css_mix_blend_mode et_block_column\">\n\t\t\t\t\n\t\t\t\t\n\t\t\t\t\n\t\t\t\t\n\t\t\t\t<div class=\"et_pb_module et_d4_element et_pb_image et_pb_image_0\">\n\t\t\t\t\n\t\t\t\t\n\t\t\t\t\n\t\t\t\t\n\t\t\t\t<span class=\"et_pb_image_wrap has-box-shadow-overlay\"><div class=\"box-shadow-overlay\"><\/div><img decoding=\"async\" width=\"1024\" height=\"614\" data-src=\"https:\/\/teksmed.com\/wp-content\/uploads\/2024\/06\/Other-Services-Claim-Cost-Recovery-1024x614.png\" alt=\"\" title=\"Autres services - Recouvrement des co\u00fbts de r\u00e9clamation\" data-srcset=\"https:\/\/teksmed.com\/wp-content\/uploads\/2024\/06\/Other-Services-Claim-Cost-Recovery-980x551.png 980w, https:\/\/teksmed.com\/wp-content\/uploads\/2024\/06\/Other-Services-Claim-Cost-Recovery-480x270.png 480w\" data-sizes=\"(min-width: 0px) and (max-width: 480px) 480px, (min-width: 481px) and (max-width: 980px) 980px, (min-width: 981px) 1024px, 100vw\" class=\"wp-image-235872 lazyload\" src=\"data:image\/svg+xml;base64,PHN2ZyB3aWR0aD0iMSIgaGVpZ2h0PSIxIiB4bWxucz0iaHR0cDovL3d3dy53My5vcmcvMjAwMC9zdmciPjwvc3ZnPg==\" style=\"--smush-placeholder-width: 1024px; --smush-placeholder-aspect-ratio: 1024\/614;\" \/><\/span>\n\t\t\t<\/div>\n\t\t\t<\/div><div class=\"et_d4_element et_pb_column_3_5 et_pb_column et_pb_column_9  et_pb_css_mix_blend_mode et-last-child et_block_column\">\n\t\t\t\t\n\t\t\t\t\n\t\t\t\t\n\t\t\t\t\n\t\t\t\t<div class=\"et_pb_module et_d4_element et_pb_text et_pb_text_14  et_pb_text_align_left et_pb_bg_layout_light\">\n\t\t\t\t\n\t\t\t\t\n\t\t\t\t\n\t\t\t\t\n\t\t\t\t<div class=\"et_pb_text_inner\"><h4>Recouvrement des co\u00fbts des r\u00e9clamations<\/h4><\/div>\n\t\t\t<\/div><div class=\"et_pb_module et_d4_element et_pb_text et_pb_text_15  et_pb_text_align_left et_pb_bg_layout_light\">\n\t\t\t\t\n\t\t\t\t\n\t\t\t\t\n\t\t\t\t\n\t\t\t\t<div class=\"et_pb_text_inner\"><p><span>TeksMed proc\u00e9dera \u00e0 un examen approfondi de l'historique des demandes d'indemnisation des travailleurs de votre organisation et recherchera des possibilit\u00e9s d'all\u00e8gement des co\u00fbts pr\u00e9c\u00e9demment n\u00e9glig\u00e9es, en faisant appel \u00e0 des d\u00e9cisions qui se traduiront par des \u00e9conomies plus importantes pour votre entreprise. Lorsque TeksMed r\u00e9alise des \u00e9conomies pour votre organisation, un pourcentage de ces recouvrements de co\u00fbts est pay\u00e9 \u00e0 TeksMed en tant qu'honoraires pour le travail effectu\u00e9. Sans risque - La solution? Nos services de gestion des absences!<\/span><\/p><\/div>\n\t\t\t<\/div><div class=\"et_pb_button_module_wrapper et_pb_button_1_wrapper et_pb_button_alignment_left et_pb_module\">\n\t\t\t\t<a class=\"et_pb_button et_d4_element et_pb_button_1 et_pb_bg_layout_light et_block_module\" href=\"https:\/\/teksmed.com\/fr\/contact\/\">Contacter TeksMed<\/a>\n\t\t\t<\/div>\n\t\t\t<\/div>\n\t\t\t\t\n\t\t\t\t\n\t\t\t\t\n\t\t\t\t\n\t\t\t<\/div>\n\t\t\t\t\n\t\t\t\t\n\t\t\t<\/div><div id=\"absense\" class=\"et_d4_element et_pb_section et_pb_section_3 popup  et_pb_css_mix_blend_mode et_section_regular et_block_section\" >\n\t\t\t\t\n\t\t\t\t\n\t\t\t\t\n\t\t\t\t\n\t\t\t\t\n\t\t\t\t\n\t\t\t\t<div class=\"et_d4_element et_pb_row et_pb_row_4 et_pb_equal_columns  et_pb_css_mix_blend_mode et_block_row\">\n\t\t\t\t<div class=\"et_d4_element et_pb_column_2_5 et_pb_column et_pb_column_10  et_pb_css_mix_blend_mode et_block_column\">\n\t\t\t\t\n\t\t\t\t\n\t\t\t\t\n\t\t\t\t\n\t\t\t\t<div class=\"et_pb_module et_d4_element et_pb_image et_pb_image_1\">\n\t\t\t\t\n\t\t\t\t\n\t\t\t\t\n\t\t\t\t\n\t\t\t\t<span class=\"et_pb_image_wrap has-box-shadow-overlay\"><div class=\"box-shadow-overlay\"><\/div><img decoding=\"async\" data-src=\"https:\/\/teksmed.com\/wp-content\/uploads\/2024\/06\/Other-Services-Absence-Management-Services-\u2013-AMS-1024x614.png\" alt=\"\" title=\"Autres services - Services de gestion des absences - AMS\" src=\"data:image\/svg+xml;base64,PHN2ZyB3aWR0aD0iMSIgaGVpZ2h0PSIxIiB4bWxucz0iaHR0cDovL3d3dy53My5vcmcvMjAwMC9zdmciPjwvc3ZnPg==\" class=\"lazyload\" style=\"--smush-placeholder-width: 1024px; --smush-placeholder-aspect-ratio: 1024\/614;\" \/><\/span>\n\t\t\t<\/div>\n\t\t\t<\/div><div class=\"et_d4_element et_pb_column_3_5 et_pb_column et_pb_column_11  et_pb_css_mix_blend_mode et-last-child et_block_column\">\n\t\t\t\t\n\t\t\t\t\n\t\t\t\t\n\t\t\t\t\n\t\t\t\t<div class=\"et_pb_module et_d4_element et_pb_text et_pb_text_16  et_pb_text_align_left et_pb_bg_layout_light\">\n\t\t\t\t\n\t\t\t\t\n\t\t\t\t\n\t\t\t\t\n\t\t\t\t<div class=\"et_pb_text_inner\"><h4>Services de gestion des absences<\/h4><\/div>\n\t\t\t<\/div><div class=\"et_pb_module et_d4_element et_pb_text et_pb_text_17  et_pb_text_align_left et_pb_bg_layout_light\">\n\t\t\t\t\n\t\t\t\t\n\t\t\t\t\n\t\t\t\t\n\t\t\t\t<div class=\"et_pb_text_inner\"><p>Les employ\u00e9s qui s'absentent du bureau pour cause de cong\u00e9 de maladie, de stress mental, d'invalidit\u00e9 de courte ou de longue dur\u00e9e laissent les employeurs sur le carreau. Ces co\u00fbts vont au-del\u00e0 du prix \u00e0 payer pour le salaire de l'employ\u00e9 pendant son temps de r\u00e9cup\u00e9ration. Si l'on tient compte de la perte de productivit\u00e9, du remplacement temporaire du personnel et du co\u00fbt incommensurable de la baisse du moral des employ\u00e9s, l'absence des employ\u00e9s devient un probl\u00e8me co\u00fbteux. Votre solution pour contr\u00f4ler l'absence des employ\u00e9s est l'AMS !<\/p><\/div>\n\t\t\t<\/div><div class=\"et_pb_button_module_wrapper et_pb_button_2_wrapper et_pb_button_alignment_left et_pb_module\">\n\t\t\t\t<a class=\"et_pb_button et_d4_element et_pb_button_2 et_pb_bg_layout_light et_block_module\" href=\"https:\/\/teksmed.com\/fr\/contact\/\">Contacter TeksMed<\/a>\n\t\t\t<\/div>\n\t\t\t<\/div>\n\t\t\t\t\n\t\t\t\t\n\t\t\t\t\n\t\t\t\t\n\t\t\t<\/div>\n\t\t\t\t\n\t\t\t\t\n\t\t\t<\/div><div id=\"survellience\" class=\"et_d4_element et_pb_section et_pb_section_4 popup  et_pb_css_mix_blend_mode et_section_regular et_block_section\" >\n\t\t\t\t\n\t\t\t\t\n\t\t\t\t\n\t\t\t\t\n\t\t\t\t\n\t\t\t\t\n\t\t\t\t<div class=\"et_d4_element et_pb_row et_pb_row_5 et_pb_equal_columns  et_pb_css_mix_blend_mode et_block_row\">\n\t\t\t\t<div class=\"et_d4_element et_pb_column_2_5 et_pb_column et_pb_column_12  et_pb_css_mix_blend_mode et_block_column\">\n\t\t\t\t\n\t\t\t\t\n\t\t\t\t\n\t\t\t\t\n\t\t\t\t<div class=\"et_pb_module et_d4_element et_pb_image et_pb_image_2\">\n\t\t\t\t\n\t\t\t\t\n\t\t\t\t\n\t\t\t\t\n\t\t\t\t<span class=\"et_pb_image_wrap has-box-shadow-overlay\"><div class=\"box-shadow-overlay\"><\/div><img decoding=\"async\" width=\"1024\" height=\"614\" data-src=\"https:\/\/teksmed.com\/wp-content\/uploads\/2024\/06\/Other-Services-Surveillance-1024x614.png\" alt=\"\" title=\"Autres services - Surveillance\" data-srcset=\"https:\/\/teksmed.com\/wp-content\/uploads\/2024\/06\/Other-Services-Surveillance-980x551.png 980w, https:\/\/teksmed.com\/wp-content\/uploads\/2024\/06\/Other-Services-Surveillance-480x270.png 480w\" data-sizes=\"(min-width: 0px) and (max-width: 480px) 480px, (min-width: 481px) and (max-width: 980px) 980px, (min-width: 981px) 1024px, 100vw\" class=\"wp-image-235876 lazyload\" src=\"data:image\/svg+xml;base64,PHN2ZyB3aWR0aD0iMSIgaGVpZ2h0PSIxIiB4bWxucz0iaHR0cDovL3d3dy53My5vcmcvMjAwMC9zdmciPjwvc3ZnPg==\" style=\"--smush-placeholder-width: 1024px; --smush-placeholder-aspect-ratio: 1024\/614;\" \/><\/span>\n\t\t\t<\/div>\n\t\t\t<\/div><div class=\"et_d4_element et_pb_column_3_5 et_pb_column et_pb_column_13  et_pb_css_mix_blend_mode et-last-child et_block_column\">\n\t\t\t\t\n\t\t\t\t\n\t\t\t\t\n\t\t\t\t\n\t\t\t\t<div class=\"et_pb_module et_d4_element et_pb_text et_pb_text_18  et_pb_text_align_left et_pb_bg_layout_light\">\n\t\t\t\t\n\t\t\t\t\n\t\t\t\t\n\t\t\t\t\n\t\t\t\t<div class=\"et_pb_text_inner\"><h4>Surveillance<\/h4><\/div>\n\t\t\t<\/div><div class=\"et_pb_module et_d4_element et_pb_text et_pb_text_19  et_pb_text_align_left et_pb_bg_layout_light\">\n\t\t\t\t\n\t\t\t\t\n\t\t\t\t\n\t\t\t\t\n\t\t\t\t<div class=\"et_pb_text_inner\"><p>Comment savoir si votre employ\u00e9 est r\u00e9ellement bless\u00e9 et incapable de travailler ? La note du m\u00e9decin de l'employ\u00e9 a le dernier mot, n'est-ce pas ? Le fait de prendre les fraudeurs en flagrant d\u00e9lit d'accident du travail a un effet dissuasif tr\u00e8s fort sur les autres employ\u00e9s qui auraient pu envisager de faire de fausses d\u00e9clarations d'accident du travail. \u00c0 la demande de l'employeur, TeksMed peut mettre en place des preuves de surveillance afin de faire cesser une demande douteuse.<\/p><\/div>\n\t\t\t<\/div><div class=\"et_pb_button_module_wrapper et_pb_button_3_wrapper et_pb_button_alignment_left et_pb_module\">\n\t\t\t\t<a class=\"et_pb_button et_d4_element et_pb_button_3 et_pb_bg_layout_light et_block_module\" href=\"https:\/\/teksmed.com\/fr\/contact\/\">Contacter TeksMed<\/a>\n\t\t\t<\/div>\n\t\t\t<\/div>\n\t\t\t\t\n\t\t\t\t\n\t\t\t\t\n\t\t\t\t\n\t\t\t<\/div>\n\t\t\t\t\n\t\t\t\t\n\t\t\t<\/div><div id=\"functional\" class=\"et_d4_element et_pb_section et_pb_section_5 popup  et_pb_css_mix_blend_mode et_section_regular et_block_section\" >\n\t\t\t\t\n\t\t\t\t\n\t\t\t\t\n\t\t\t\t\n\t\t\t\t\n\t\t\t\t\n\t\t\t\t<div class=\"et_d4_element et_pb_row et_pb_row_6 et_pb_equal_columns  et_pb_css_mix_blend_mode et_block_row\">\n\t\t\t\t<div class=\"et_d4_element et_pb_column_2_5 et_pb_column et_pb_column_14  et_pb_css_mix_blend_mode et_block_column\">\n\t\t\t\t\n\t\t\t\t\n\t\t\t\t\n\t\t\t\t\n\t\t\t\t<div class=\"et_pb_module et_d4_element et_pb_image et_pb_image_3\">\n\t\t\t\t\n\t\t\t\t\n\t\t\t\t\n\t\t\t\t\n\t\t\t\t<span class=\"et_pb_image_wrap has-box-shadow-overlay\"><div class=\"box-shadow-overlay\"><\/div><img decoding=\"async\" data-src=\"https:\/\/teksmed.com\/wp-content\/uploads\/2024\/06\/Other-Services-Functional-Capacity-Evaluation-\u2013-FCE-1024x614.png\" alt=\"\" title=\"Autres services - \u00c9valuation de la capacit\u00e9 fonctionnelle - ECF\" src=\"data:image\/svg+xml;base64,PHN2ZyB3aWR0aD0iMSIgaGVpZ2h0PSIxIiB4bWxucz0iaHR0cDovL3d3dy53My5vcmcvMjAwMC9zdmciPjwvc3ZnPg==\" class=\"lazyload\" style=\"--smush-placeholder-width: 1024px; --smush-placeholder-aspect-ratio: 1024\/614;\" \/><\/span>\n\t\t\t<\/div>\n\t\t\t<\/div><div class=\"et_d4_element et_pb_column_3_5 et_pb_column et_pb_column_15  et_pb_css_mix_blend_mode et-last-child et_block_column\">\n\t\t\t\t\n\t\t\t\t\n\t\t\t\t\n\t\t\t\t\n\t\t\t\t<div class=\"et_pb_module et_d4_element et_pb_text et_pb_text_20  et_pb_text_align_left et_pb_bg_layout_light\">\n\t\t\t\t\n\t\t\t\t\n\t\t\t\t\n\t\t\t\t\n\t\t\t\t<div class=\"et_pb_text_inner\"><h4>\u00c9valuation de la capacit\u00e9 fonctionnelle - ECF<\/h4><\/div>\n\t\t\t<\/div><div class=\"et_pb_module et_d4_element et_pb_text et_pb_text_21  et_pb_text_align_left et_pb_bg_layout_light\">\n\t\t\t\t\n\t\t\t\t\n\t\t\t\t\n\t\t\t\t\n\t\t\t\t<div class=\"et_pb_text_inner\"><p>Un ECF est un ensemble de tests, de pratiques et d'observations qui sont combin\u00e9s pour d\u00e9terminer la capacit\u00e9 de l'employ\u00e9 \u00e9valu\u00e9 \u00e0 fonctionner dans diverses circonstances (le plus souvent au travail), d'une mani\u00e8re objective. Les m\u00e9decins modifient les diagnostics sur la base des ECF. Les ECF sont essentiels pour d\u00e9terminer les t\u00e2ches modifi\u00e9es appropri\u00e9es.<\/p><\/div>\n\t\t\t<\/div><div class=\"et_pb_button_module_wrapper et_pb_button_4_wrapper et_pb_button_alignment_left et_pb_module\">\n\t\t\t\t<a class=\"et_pb_button et_d4_element et_pb_button_4 et_pb_bg_layout_light et_block_module\" href=\"https:\/\/teksmed.com\/fr\/contact\/\">Contacter TeksMed<\/a>\n\t\t\t<\/div>\n\t\t\t<\/div>\n\t\t\t\t\n\t\t\t\t\n\t\t\t\t\n\t\t\t\t\n\t\t\t<\/div>\n\t\t\t\t\n\t\t\t\t\n\t\t\t<\/div><div id=\"management\" class=\"et_d4_element et_pb_section et_pb_section_6 popup  et_pb_css_mix_blend_mode et_section_regular et_block_section\" >\n\t\t\t\t\n\t\t\t\t\n\t\t\t\t\n\t\t\t\t\n\t\t\t\t\n\t\t\t\t\n\t\t\t\t<div class=\"et_d4_element et_pb_row et_pb_row_7 et_pb_equal_columns  et_pb_css_mix_blend_mode et_block_row\">\n\t\t\t\t<div class=\"et_d4_element et_pb_column_2_5 et_pb_column et_pb_column_16  et_pb_css_mix_blend_mode et_block_column\">\n\t\t\t\t\n\t\t\t\t\n\t\t\t\t\n\t\t\t\t\n\t\t\t\t<div class=\"et_pb_module et_d4_element et_pb_image et_pb_image_4\">\n\t\t\t\t\n\t\t\t\t\n\t\t\t\t\n\t\t\t\t\n\t\t\t\t<span class=\"et_pb_image_wrap has-box-shadow-overlay\"><div class=\"box-shadow-overlay\"><\/div><img decoding=\"async\" width=\"1024\" height=\"614\" data-src=\"https:\/\/teksmed.com\/wp-content\/uploads\/2024\/06\/Other-Services-Management-Consulting-1024x614.png\" alt=\"\" title=\"Autres services - Conseil en gestion\" data-srcset=\"https:\/\/teksmed.com\/wp-content\/uploads\/2024\/06\/Other-Services-Management-Consulting-1024x614.png 1024w, https:\/\/teksmed.com\/wp-content\/uploads\/2024\/06\/Other-Services-Management-Consulting-300x180.png 300w, https:\/\/teksmed.com\/wp-content\/uploads\/2024\/06\/Other-Services-Management-Consulting-768x461.png 768w, https:\/\/teksmed.com\/wp-content\/uploads\/2024\/06\/Other-Services-Management-Consulting-1536x922.png 1536w, https:\/\/teksmed.com\/wp-content\/uploads\/2024\/06\/Other-Services-Management-Consulting-1080x648.png 1080w, https:\/\/teksmed.com\/wp-content\/uploads\/2024\/06\/Other-Services-Management-Consulting.png 2000w\" data-sizes=\"(max-width: 1024px) 100vw, 1024px\" class=\"wp-image-235875 lazyload\" src=\"data:image\/svg+xml;base64,PHN2ZyB3aWR0aD0iMSIgaGVpZ2h0PSIxIiB4bWxucz0iaHR0cDovL3d3dy53My5vcmcvMjAwMC9zdmciPjwvc3ZnPg==\" style=\"--smush-placeholder-width: 1024px; --smush-placeholder-aspect-ratio: 1024\/614;\" \/><\/span>\n\t\t\t<\/div>\n\t\t\t<\/div><div class=\"et_d4_element et_pb_column_3_5 et_pb_column et_pb_column_17  et_pb_css_mix_blend_mode et-last-child et_block_column\">\n\t\t\t\t\n\t\t\t\t\n\t\t\t\t\n\t\t\t\t\n\t\t\t\t<div class=\"et_pb_module et_d4_element et_pb_text et_pb_text_22  et_pb_text_align_left et_pb_bg_layout_light\">\n\t\t\t\t\n\t\t\t\t\n\t\t\t\t\n\t\t\t\t\n\t\t\t\t<div class=\"et_pb_text_inner\"><h4>Conseil en gestion<\/h4><\/div>\n\t\t\t<\/div><div class=\"et_pb_module et_d4_element et_pb_text et_pb_text_23  et_pb_text_align_left et_pb_bg_layout_light\">\n\t\t\t\t\n\t\t\t\t\n\t\t\t\t\n\t\t\t\t\n\t\t\t\t<div class=\"et_pb_text_inner\"><p>Rencontrez l'un de nos responsables des relations avec la client\u00e8le qui examinera l'historique des taux d'exp\u00e9rience et les performances globales de votre entreprise afin de vous aider \u00e0 d\u00e9velopper une approche strat\u00e9gique de la gestion et de la pr\u00e9vention des accidents. Votre consultation sera compl\u00e9t\u00e9e par un rapport de synth\u00e8se d\u00e9taill\u00e9.<\/p><\/div>\n\t\t\t<\/div><div class=\"et_pb_button_module_wrapper et_pb_button_5_wrapper et_pb_button_alignment_left et_pb_module\">\n\t\t\t\t<a class=\"et_pb_button et_d4_element et_pb_button_5 et_pb_bg_layout_light et_block_module\" href=\"https:\/\/teksmed.com\/fr\/contact\/\">Contacter TeksMed<\/a>\n\t\t\t<\/div>\n\t\t\t<\/div>\n\t\t\t\t\n\t\t\t\t\n\t\t\t\t\n\t\t\t\t\n\t\t\t<\/div>\n\t\t\t\t\n\t\t\t\t\n\t\t\t<\/div><div id=\"ime\" class=\"et_d4_element et_pb_section et_pb_section_7 popup  et_pb_css_mix_blend_mode et_section_regular et_block_section\" >\n\t\t\t\t\n\t\t\t\t\n\t\t\t\t\n\t\t\t\t\n\t\t\t\t\n\t\t\t\t\n\t\t\t\t<div class=\"et_d4_element et_pb_row et_pb_row_8 et_pb_equal_columns  et_pb_css_mix_blend_mode et_block_row\">\n\t\t\t\t<div class=\"et_d4_element et_pb_column_2_5 et_pb_column et_pb_column_18  et_pb_css_mix_blend_mode et_block_column\">\n\t\t\t\t\n\t\t\t\t\n\t\t\t\t\n\t\t\t\t\n\t\t\t\t<div class=\"et_pb_module et_d4_element et_pb_image et_pb_image_5\">\n\t\t\t\t\n\t\t\t\t\n\t\t\t\t\n\t\t\t\t\n\t\t\t\t<span class=\"et_pb_image_wrap has-box-shadow-overlay\"><div class=\"box-shadow-overlay\"><\/div><img decoding=\"async\" data-src=\"https:\/\/teksmed.com\/wp-content\/uploads\/2024\/06\/Other-Services-Independent-Medical-Evaluations-\u2013-IME-1024x614.png\" alt=\"\" title=\"Autres services - \u00c9valuations m\u00e9dicales ind\u00e9pendantes - EMI\" src=\"data:image\/svg+xml;base64,PHN2ZyB3aWR0aD0iMSIgaGVpZ2h0PSIxIiB4bWxucz0iaHR0cDovL3d3dy53My5vcmcvMjAwMC9zdmciPjwvc3ZnPg==\" class=\"lazyload\" style=\"--smush-placeholder-width: 1024px; --smush-placeholder-aspect-ratio: 1024\/614;\" \/><\/span>\n\t\t\t<\/div>\n\t\t\t<\/div><div class=\"et_d4_element et_pb_column_3_5 et_pb_column et_pb_column_19  et_pb_css_mix_blend_mode et-last-child et_block_column\">\n\t\t\t\t\n\t\t\t\t\n\t\t\t\t\n\t\t\t\t\n\t\t\t\t<div class=\"et_pb_module et_d4_element et_pb_text et_pb_text_24  et_pb_text_align_left et_pb_bg_layout_light\">\n\t\t\t\t\n\t\t\t\t\n\t\t\t\t\n\t\t\t\t\n\t\t\t\t<div class=\"et_pb_text_inner\"><h4>\u00c9valuations m\u00e9dicales ind\u00e9pendantes - EMI<\/h4><\/div>\n\t\t\t<\/div><div class=\"et_pb_module et_d4_element et_pb_text et_pb_text_25  et_pb_text_align_left et_pb_bg_layout_light\">\n\t\t\t\t\n\t\t\t\t\n\t\t\t\t\n\t\t\t\t\n\t\t\t\t<div class=\"et_pb_text_inner\"><p>Les EMI peuvent \u00eatre effectu\u00e9es pour d\u00e9terminer la cause, l'\u00e9tendue et le traitement m\u00e9dical d'une blessure li\u00e9e au travail ou d'une autre blessure lorsque la responsabilit\u00e9 est en cause, pour d\u00e9terminer si une personne a atteint le b\u00e9n\u00e9fice maximal du traitement et si une d\u00e9ficience permanente subsiste apr\u00e8s le traitement. Une EMI peut \u00eatre r\u00e9alis\u00e9e \u00e0 la demande d'un employeur ou d'une compagnie d'assurance afin d'obtenir un avis ind\u00e9pendant sur l'\u00e9tat clinique de la personne. Les compagnies d'assurance contre les accidents du travail, les compagnies d'assurance automobile et les employeurs auto-assur\u00e9s ont l\u00e9galement le droit de faire cette demande. Si le m\u00e9decin ou le th\u00e9rapeute qui effectue l'EMI conclut que l'\u00e9tat de sant\u00e9 du patient n'est pas li\u00e9 \u00e0 un \u00e9v\u00e9nement indemnisable, l'assureur peut rejeter la demande et refuser le paiement.<\/p><\/div>\n\t\t\t<\/div><div class=\"et_pb_button_module_wrapper et_pb_button_6_wrapper et_pb_button_alignment_left et_pb_module\">\n\t\t\t\t<a class=\"et_pb_button et_d4_element et_pb_button_6 et_pb_bg_layout_light et_block_module\" href=\"https:\/\/teksmed.com\/fr\/contact\/\">Contacter TeksMed<\/a>\n\t\t\t<\/div>\n\t\t\t<\/div>\n\t\t\t\t\n\t\t\t\t\n\t\t\t\t\n\t\t\t\t\n\t\t\t<\/div>\n\t\t\t\t\n\t\t\t\t\n\t\t\t<\/div>","protected":false},"excerpt":{"rendered":"","protected":false},"author":3,"featured_media":0,"parent":0,"menu_order":0,"comment_status":"closed","ping_status":"closed","template":"","meta":{"_et_pb_use_builder":"on","_et_pb_old_content":"<!-- wp:divi\/placeholder \/-->","_et_gb_content_width":"","footnotes":""},"class_list":["post-72","page","type-page","status-publish","hentry"],"_links":{"self":[{"href":"https:\/\/teksmed.com\/fr\/wp-json\/wp\/v2\/pages\/72","targetHints":{"allow":["GET"]}}],"collection":[{"href":"https:\/\/teksmed.com\/fr\/wp-json\/wp\/v2\/pages"}],"about":[{"href":"https:\/\/teksmed.com\/fr\/wp-json\/wp\/v2\/types\/page"}],"author":[{"embeddable":true,"href":"https:\/\/teksmed.com\/fr\/wp-json\/wp\/v2\/users\/3"}],"replies":[{"embeddable":true,"href":"https:\/\/teksmed.com\/fr\/wp-json\/wp\/v2\/comments?post=72"}],"version-history":[{"count":1,"href":"https:\/\/teksmed.com\/fr\/wp-json\/wp\/v2\/pages\/72\/revisions"}],"predecessor-version":[{"id":237884,"href":"https:\/\/teksmed.com\/fr\/wp-json\/wp\/v2\/pages\/72\/revisions\/237884"}],"wp:attachment":[{"href":"https:\/\/teksmed.com\/fr\/wp-json\/wp\/v2\/media?parent=72"}],"curies":[{"name":"wp","href":"https:\/\/api.w.org\/{rel}","templated":true}]}}