{"id":74,"date":"2024-03-18T17:13:25","date_gmt":"2024-03-18T17:13:25","guid":{"rendered":"https:\/\/teksmed.com\/?page_id=74"},"modified":"2026-04-01T13:18:49","modified_gmt":"2026-04-01T13:18:49","slug":"tekstimonials","status":"publish","type":"page","link":"https:\/\/teksmed.com\/fr\/tekstimonials\/","title":{"rendered":"T\u00e9moignages\nTekstuels"},"content":{"rendered":"<div class=\"et_pb_section_0 et_pb_section et_section_regular et_block_section\"><div class=\"et_pb_row_0 et_pb_row et_pb_equal_columns et_block_row\"><div class=\"et_pb_column_0 et_pb_column et_pb_column_2_3 et_block_column et_pb_css_mix_blend_mode_passthrough\"><div class=\"et_pb_text_0 et_pb_text et_pb_bg_layout_light et_pb_module et_block_module\"><div class=\"et_pb_text_inner\"><h2>T\u00e9moignages\nTekstuels<\/h2>\n<\/div><\/div><div class=\"et_pb_text_1 et_pb_text et_pb_bg_layout_light et_pb_module et_block_module\"><div class=\"et_pb_text_inner\"><h3>Aider nos clients \u00e0 voir la capacit\u00e9 dans le handicap<\/h3>\n<\/div><\/div><div class=\"et_pb_module et_pb_button_module_wrapper et_pb_button_0_wrapper\"><a class=\"et_pb_button_0 et_pb_button et_pb_bg_layout_light et_pb_module et_block_module\" href=\"https:\/\/teksmed.com\/fr\/contact\/\">Contacter TeksMed<\/a><\/div><\/div><div class=\"et_pb_column_1 et_pb_column et_pb_column_1_3 et-last-child et_block_column et_pb_column_empty et_pb_css_mix_blend_mode_passthrough\"><\/div><\/div><\/div><div class=\"et_pb_section_1 et_pb_section et_section_regular et_block_section\" id=\"difference\"><div class=\"et_pb_row_1 et_pb_row et_pb_equal_columns et_pb_gutters2 et_block_row\"><div class=\"et_pb_column_2 et_pb_column et_pb_column_1_3 et_block_column et_pb_css_mix_blend_mode_passthrough\"><div class=\"et_pb_text_2 et_pb_text et_pb_bg_layout_light et_pb_module et_block_module et_pb_text_align_center\"><div class=\"et_pb_text_inner\"><p>\u00abNous avons r\u00e9ussi \u00e0 r\u00e9duire les co\u00fbts de WorkSafeBC de 18,25 % par rapport \u00e0 l'ann\u00e9e derni\u00e8re ! Cela repr\u00e9sente environ 100 000 $ d'\u00e9conomies directes pour la province de la Colombie-Britannique. Un grand merci \u00e0 l'\u00e9quipe TeksMed pour ses efforts et ses conseils quotidiens qui ont permis \u00e0 On Side de r\u00e9aliser de telles avanc\u00e9es.\u00bb<\/p>\n<\/div><\/div><div class=\"et_pb_text_3 et_pb_text et_pb_bg_layout_light et_pb_module et_block_module\"><div class=\"et_pb_text_inner\"><h4>directeur des ressources humaines, On Side Restoration<\/h4>\n<\/div><\/div><div class=\"et_pb_image_0 et_pb_image et_pb_module et_block_module\"><span class=\"et_pb_image_wrap\"><img decoding=\"async\" data-src=\"https:\/\/teksmed.com\/wp-content\/uploads\/2024\/03\/ONSIDE-BLUE-w.TAGLINE.png\" width=\"2000\" height=\"1113\" data-srcset=\"https:\/\/teksmed.com\/wp-content\/uploads\/2024\/03\/ONSIDE-BLUE-w.TAGLINE.png 2000w, https:\/\/teksmed.com\/wp-content\/uploads\/2024\/03\/ONSIDE-BLUE-w.TAGLINE-1280x712.png 1280w, https:\/\/teksmed.com\/wp-content\/uploads\/2024\/03\/ONSIDE-BLUE-w.TAGLINE-980x545.png 980w, https:\/\/teksmed.com\/wp-content\/uploads\/2024\/03\/ONSIDE-BLUE-w.TAGLINE-480x267.png 480w\" data-sizes=\"(min-width: 0px) and (max-width: 480px) 480px, (min-width: 481px) and (max-width: 980px) 980px, (min-width: 981px) and (max-width: 1280px) 1280px, (min-width: 1281px) 2000px, 100vw\" class=\"wp-image-234647 lazyload\" title=\"ONSIDE-BLUE-w.TAGLINE\" src=\"data:image\/svg+xml;base64,PHN2ZyB3aWR0aD0iMSIgaGVpZ2h0PSIxIiB4bWxucz0iaHR0cDovL3d3dy53My5vcmcvMjAwMC9zdmciPjwvc3ZnPg==\" style=\"--smush-placeholder-width: 2000px; --smush-placeholder-aspect-ratio: 2000\/1113;\" \/><\/span><\/div><\/div><div class=\"et_pb_column_3 et_pb_column et_pb_column_1_3 et_block_column et_pb_css_mix_blend_mode_passthrough\"><div class=\"et_pb_text_4 et_pb_text et_pb_bg_layout_light et_pb_module et_block_module et_pb_text_align_center\"><div class=\"et_pb_text_inner\"><p>\u00abEn moins de deux ans, TeksMed a r\u00e9duit nos co\u00fbts de r\u00e9clamation de 67,5 %. L'\u00e9quipe de professionnels de TeksMed a atteint son objectif de r\u00e9duire nos co\u00fbts de r\u00e9clamation et d\u2019administration. Travailler avec TeksMed m'a lib\u00e9r\u00e9 du temps, ce qui m'a permis de me concentrer sur d'autres domaines prioritaires.\n<br>Je recommande vivement TeksMed \u00e0 tous ceux qui envisagent de recourir \u00e0 des services professionnels de gestion des demandes d\u2019indemnisation.\u00bb<\/p>\n<\/div><\/div><div class=\"et_pb_text_5 et_pb_text et_pb_bg_layout_light et_pb_module et_block_module\"><div class=\"et_pb_text_inner\"><h4>Wendy's Safety & Security Manager<\/h4>\n<\/div><\/div><div class=\"et_pb_image_1 et_pb_image et_pb_module et_block_module\"><span class=\"et_pb_image_wrap\"><img decoding=\"async\" data-src=\"https:\/\/teksmed.com\/wp-content\/uploads\/2024\/03\/Wendys_full_logo_2012.svg.png\" width=\"1200\" height=\"1012\" data-srcset=\"https:\/\/teksmed.com\/wp-content\/uploads\/2024\/03\/Wendys_full_logo_2012.svg.png 1200w, https:\/\/teksmed.com\/wp-content\/uploads\/2024\/03\/Wendys_full_logo_2012.svg-980x826.png 980w, https:\/\/teksmed.com\/wp-content\/uploads\/2024\/03\/Wendys_full_logo_2012.svg-480x405.png 480w\" data-sizes=\"(min-width: 0px) and (max-width: 480px) 480px, (min-width: 481px) and (max-width: 980px) 980px, (min-width: 981px) 1200px, 100vw\" class=\"wp-image-234651 lazyload\" title=\"Wendy&#039;s_full_logo_2012.svg\" src=\"data:image\/svg+xml;base64,PHN2ZyB3aWR0aD0iMSIgaGVpZ2h0PSIxIiB4bWxucz0iaHR0cDovL3d3dy53My5vcmcvMjAwMC9zdmciPjwvc3ZnPg==\" style=\"--smush-placeholder-width: 1200px; --smush-placeholder-aspect-ratio: 1200\/1012;\" \/><\/span><\/div><\/div><div class=\"et_pb_column_4 et_pb_column et_pb_column_1_3 et-last-child et_block_column et_pb_css_mix_blend_mode_passthrough\"><div class=\"et_pb_text_6 et_pb_text et_pb_bg_layout_light et_pb_module et_block_module et_pb_text_align_center\"><div class=\"et_pb_text_inner\"><p>\u00abJe vous \u00e9cris pour vous faire part de ma grande reconnaissance pour le service que TeksMed a fourni \u00e0 Silver Hills Bakery en ce qui concerne la gestion des demandes d\u2019indemnisations et la planification des retours au travail au sein de notre entreprise. Au cours des 12 mois de notre collaboration avec TeksMed, j'ai \u00e9t\u00e9 constamment impressionn\u00e9 par le soutien et la flexibilit\u00e9 que leur \u00e9quipe a \u00e9t\u00e9 en mesure de fournir.\u00bb<\/p>\n<\/div><\/div><div class=\"et_pb_text_7 et_pb_text et_pb_bg_layout_light et_pb_module et_block_module\"><div class=\"et_pb_text_inner\"><h4>responsable de la sant\u00e9 et de la s\u00e9curit\u00e9 au travail, Silver Hills Bakery<\/h4>\n<\/div><\/div><div class=\"et_pb_image_2 et_pb_image et_pb_module et_block_module\"><span class=\"et_pb_image_wrap\"><img decoding=\"async\" data-src=\"https:\/\/teksmed.com\/wp-content\/uploads\/2024\/03\/Silver_Hills_logo.png\" width=\"596\" height=\"455\" data-srcset=\"https:\/\/teksmed.com\/wp-content\/uploads\/2024\/03\/Silver_Hills_logo.png 596w, https:\/\/teksmed.com\/wp-content\/uploads\/2024\/03\/Silver_Hills_logo-480x366.png 480w\" data-sizes=\"(min-width: 0px) and (max-width: 480px) 480px, (min-width: 481px) 596px, 100vw\" class=\"wp-image-234652 lazyload\" title=\"Logo de Silver_Hills\" src=\"data:image\/svg+xml;base64,PHN2ZyB3aWR0aD0iMSIgaGVpZ2h0PSIxIiB4bWxucz0iaHR0cDovL3d3dy53My5vcmcvMjAwMC9zdmciPjwvc3ZnPg==\" style=\"--smush-placeholder-width: 596px; --smush-placeholder-aspect-ratio: 596\/455;\" \/><\/span><\/div><\/div><\/div><div class=\"et_pb_row_2 et_pb_row et_pb_equal_columns et_pb_gutters2 et_block_row\"><div class=\"et_pb_column_5 et_pb_column et_pb_column_1_3 et_block_column et_pb_css_mix_blend_mode_passthrough\"><div class=\"et_pb_text_8 et_pb_text et_pb_bg_layout_light et_pb_module et_block_module et_pb_text_align_center\"><div class=\"et_pb_text_inner\"><p>\u00abAu cours de notre relation de travail, Fitzpatrick Electrical Contractor a trouv\u00e9 que la gestion de l'invalidit\u00e9 par TeksMed \u00e9tait exceptionnelle. Les connaissances des membres de leur \u00e9quipe sur le plan des meilleures pratiques en mati\u00e8re de retour au travail, de la l\u00e9gislation et de la politique de la CSPAAT, ainsi que leur engagement global en faveur du service \u00e0 la client\u00e8le sont impressionnants et extr\u00eamement utiles pour nous, en particulier dans ce secteur d'activit\u00e9.\u00bb<\/p>\n<\/div><\/div><div class=\"et_pb_text_9 et_pb_text et_pb_bg_layout_light et_pb_module et_block_module\"><div class=\"et_pb_text_inner\"><h4>Health & Safety Manager, Fitzpatrick Electrical Contractor Inc.<\/h4>\n<\/div><\/div><div class=\"et_pb_image_3 et_pb_image et_pb_module et_block_module\"><span class=\"et_pb_image_wrap\"><img decoding=\"async\" data-src=\"https:\/\/teksmed.com\/wp-content\/uploads\/2024\/03\/supplier-partner-fitzpatrick-electrical-contractor-inc.png\" width=\"180\" height=\"120\" data-srcset=\"https:\/\/teksmed.com\/wp-content\/uploads\/2024\/03\/supplier-partner-fitzpatrick-electrical-contractor-inc.png 180w\" data-sizes=\"(max-width: 180px) 100vw, 180px\" class=\"wp-image-234653 lazyload\" title=\"fournisseur-partenaire-fitzpatrick-electrical-contractor-inc\" src=\"data:image\/svg+xml;base64,PHN2ZyB3aWR0aD0iMSIgaGVpZ2h0PSIxIiB4bWxucz0iaHR0cDovL3d3dy53My5vcmcvMjAwMC9zdmciPjwvc3ZnPg==\" style=\"--smush-placeholder-width: 180px; --smush-placeholder-aspect-ratio: 180\/120;\" \/><\/span><\/div><\/div><div class=\"et_pb_column_6 et_pb_column et_pb_column_1_3 et_block_column et_pb_css_mix_blend_mode_passthrough\"><div class=\"et_pb_text_10 et_pb_text et_pb_bg_layout_light et_pb_module et_block_module et_pb_text_align_center\"><div class=\"et_pb_text_inner\"><p>\u00abTeksMed aide nos employ\u00e9s \u00e0 retourner au travail lorsqu'ils sont compl\u00e8tement r\u00e9tablis et pr\u00eats \u00e0 travailler, tout en r\u00e9duisant leur temps d\u2019absence et les pertes de salaire. Cela a permis \u00e0 Denny's Canada de r\u00e9aliser des \u00e9conomies substantielles.\u00bb<\/p>\n<\/div><\/div><div class=\"et_pb_text_11 et_pb_text et_pb_bg_layout_light et_pb_module et_block_module\"><div class=\"et_pb_text_inner\"><h4>Coordinateur des ressources humaines, Denny's Canada<\/h4>\n<\/div><\/div><div class=\"et_pb_image_4 et_pb_image et_pb_module et_block_module\"><span class=\"et_pb_image_wrap\"><img decoding=\"async\" data-src=\"https:\/\/teksmed.com\/wp-content\/uploads\/2024\/03\/Dennys_Logo_06.2022.svg.png\" width=\"1200\" height=\"630\" data-srcset=\"https:\/\/teksmed.com\/wp-content\/uploads\/2024\/03\/Dennys_Logo_06.2022.svg.png 1200w, https:\/\/teksmed.com\/wp-content\/uploads\/2024\/03\/Dennys_Logo_06.2022.svg-980x515.png 980w, https:\/\/teksmed.com\/wp-content\/uploads\/2024\/03\/Dennys_Logo_06.2022.svg-480x252.png 480w\" data-sizes=\"(min-width: 0px) and (max-width: 480px) 480px, (min-width: 481px) and (max-width: 980px) 980px, (min-width: 981px) 1200px, 100vw\" class=\"wp-image-234656 lazyload\" title=\"Denny&#039;s_Logo_06.2022.svg\" src=\"data:image\/svg+xml;base64,PHN2ZyB3aWR0aD0iMSIgaGVpZ2h0PSIxIiB4bWxucz0iaHR0cDovL3d3dy53My5vcmcvMjAwMC9zdmciPjwvc3ZnPg==\" style=\"--smush-placeholder-width: 1200px; --smush-placeholder-aspect-ratio: 1200\/630;\" \/><\/span><\/div><\/div><div class=\"et_pb_column_7 et_pb_column et_pb_column_1_3 et-last-child et_block_column et_pb_css_mix_blend_mode_passthrough\"><div class=\"et_pb_text_12 et_pb_text et_pb_bg_layout_light et_pb_module et_block_module et_pb_text_align_center\"><div class=\"et_pb_text_inner\"><p>\u00abSIR Corp a le plaisir de travailler avec TeksMed depuis maintenant 12 ans. Au cours de ces nombreuses ann\u00e9es, notre solide partenariat s'est d\u00e9velopp\u00e9 gr\u00e2ce au fantastique service \u00e0 la client\u00e8le de TeksMed, \u00e0 son approche r\u00e9ussie de la gestion des invalidit\u00e9s et \u00e0 son soutien ind\u00e9fectible.\u00bb<\/p>\n<\/div><\/div><div class=\"et_pb_text_13 et_pb_text et_pb_bg_layout_light et_pb_module et_block_module\"><div class=\"et_pb_text_inner\"><h4>Responsable de la sant\u00e9, de la s\u00e9curit\u00e9 et du bien-\u00eatre, Service Inspired Restaurants<\/h4>\n<\/div><\/div><div class=\"et_pb_image_5 et_pb_image et_pb_module et_block_module\"><span class=\"et_pb_image_wrap\"><img decoding=\"async\" data-src=\"https:\/\/teksmed.com\/wp-content\/uploads\/2024\/05\/Picture-1-1.png\" width=\"889\" height=\"280\" data-srcset=\"https:\/\/teksmed.com\/wp-content\/uploads\/2024\/05\/Picture-1-1.png 889w, https:\/\/teksmed.com\/wp-content\/uploads\/2024\/05\/Picture-1-1-480x151.png 480w\" data-sizes=\"(min-width: 0px) and (max-width: 480px) 480px, (min-width: 481px) 889px, 100vw\" class=\"wp-image-235705 lazyload\" title=\"Image 1\" src=\"data:image\/svg+xml;base64,PHN2ZyB3aWR0aD0iMSIgaGVpZ2h0PSIxIiB4bWxucz0iaHR0cDovL3d3dy53My5vcmcvMjAwMC9zdmciPjwvc3ZnPg==\" style=\"--smush-placeholder-width: 889px; --smush-placeholder-aspect-ratio: 889\/280;\" \/><\/span><\/div><\/div><\/div><div class=\"et_pb_row_3 et_pb_row et_pb_equal_columns et_pb_gutters2 et_block_row\"><div class=\"et_pb_column_8 et_pb_column et_pb_column_1_3 et_block_column et_pb_css_mix_blend_mode_passthrough\"><div class=\"et_pb_text_14 et_pb_text et_pb_bg_layout_light et_pb_module et_block_module et_pb_text_align_center\"><div class=\"et_pb_text_inner\"><p>\u00abAu cours de nos six ann\u00e9es de partenariat, nous avons \u00e9t\u00e9 tr\u00e8s satisfaits des services fournis par TeksMed, au point o\u00f9 nous faisons d\u00e9sormais appel \u00e0 leurs services non plus seulement en Colombie-Britannique, mais \u00e9galement pour l\u2019ensemble de nos activit\u00e9s pancanadiennes.\u00bb<\/p>\n<\/div><\/div><div class=\"et_pb_text_15 et_pb_text et_pb_bg_layout_light et_pb_module et_block_module\"><div class=\"et_pb_text_inner\"><h4>Manager, Health & Safety & Claims\/Disability Management, Save On Foods<\/h4>\n<\/div><\/div><div class=\"et_pb_image_6 et_pb_image et_pb_module et_block_module\"><span class=\"et_pb_image_wrap\"><img decoding=\"async\" data-src=\"https:\/\/teksmed.com\/wp-content\/uploads\/2024\/03\/Save-On-Foods-Logo.wine-1.png\" width=\"2000\" height=\"895\" data-srcset=\"https:\/\/teksmed.com\/wp-content\/uploads\/2024\/03\/Save-On-Foods-Logo.wine-1.png 2000w, https:\/\/teksmed.com\/wp-content\/uploads\/2024\/03\/Save-On-Foods-Logo.wine-1-1280x573.png 1280w, https:\/\/teksmed.com\/wp-content\/uploads\/2024\/03\/Save-On-Foods-Logo.wine-1-980x438.png 980w, https:\/\/teksmed.com\/wp-content\/uploads\/2024\/03\/Save-On-Foods-Logo.wine-1-480x215.png 480w\" data-sizes=\"(min-width: 0px) and (max-width: 480px) 480px, (min-width: 481px) and (max-width: 980px) 980px, (min-width: 981px) and (max-width: 1280px) 1280px, (min-width: 1281px) 2000px, 100vw\" class=\"wp-image-234657 lazyload\" title=\"Save-On-Foods-Logo.wine (1)\" src=\"data:image\/svg+xml;base64,PHN2ZyB3aWR0aD0iMSIgaGVpZ2h0PSIxIiB4bWxucz0iaHR0cDovL3d3dy53My5vcmcvMjAwMC9zdmciPjwvc3ZnPg==\" style=\"--smush-placeholder-width: 2000px; --smush-placeholder-aspect-ratio: 2000\/895;\" \/><\/span><\/div><\/div><div class=\"et_pb_column_9 et_pb_column et_pb_column_1_3 et_block_column et_pb_css_mix_blend_mode_passthrough\"><div class=\"et_pb_text_16 et_pb_text et_pb_bg_layout_light et_pb_module et_block_module et_pb_text_align_center\"><div class=\"et_pb_text_inner\"><p>\u00abTeksMed travaille avec nous depuis trois ans et fournit d'excellents services de gestion des demandes d'indemnisation pour les accidents du\ntravail. Nous avons r\u00e9duit nos co\u00fbts li\u00e9s \u00e0 la CAT de 12 % par an et nous avons r\u00e9ussi \u00e0 ramener nos travailleurs bless\u00e9s au travail plus rapidement et de mani\u00e8re plus s\u00fbre. Gr\u00e2ce \u00e0 leurs professionnels, je n'ai plus \u00e0 me soucier des demandes d'indemnisation de la CAT, ce qui me permet de me consacrer \u00e0 d'autres t\u00e2ches. Leur \u00e9quipe a vraiment aid\u00e9 notre entreprise au fil des ans.\u00bb<\/p>\n<\/div><\/div><div class=\"et_pb_text_17 et_pb_text et_pb_bg_layout_light et_pb_module et_block_module\"><div class=\"et_pb_text_inner\"><h4>G\u00e9n\u00e9raliste RH, Van-Whole Produce<\/h4>\n<\/div><\/div><div class=\"et_pb_image_7 et_pb_image et_pb_module et_block_module\"><span class=\"et_pb_image_wrap\"><img decoding=\"async\" data-src=\"https:\/\/teksmed.com\/wp-content\/uploads\/2024\/03\/Van-Whole-Foods-Logo.png\" width=\"990\" height=\"200\" data-srcset=\"https:\/\/teksmed.com\/wp-content\/uploads\/2024\/03\/Van-Whole-Foods-Logo.png 990w, https:\/\/teksmed.com\/wp-content\/uploads\/2024\/03\/Van-Whole-Foods-Logo-980x198.png 980w, https:\/\/teksmed.com\/wp-content\/uploads\/2024\/03\/Van-Whole-Foods-Logo-480x97.png 480w\" data-sizes=\"(min-width: 0px) and (max-width: 480px) 480px, (min-width: 481px) and (max-width: 980px) 980px, (min-width: 981px) 990px, 100vw\" class=\"wp-image-234658 lazyload\" title=\"Logo de Van-Whole-Foods\" src=\"data:image\/svg+xml;base64,PHN2ZyB3aWR0aD0iMSIgaGVpZ2h0PSIxIiB4bWxucz0iaHR0cDovL3d3dy53My5vcmcvMjAwMC9zdmciPjwvc3ZnPg==\" style=\"--smush-placeholder-width: 990px; --smush-placeholder-aspect-ratio: 990\/200;\" \/><\/span><\/div><\/div><div class=\"et_pb_column_10 et_pb_column et_pb_column_1_3 et-last-child et_block_column et_pb_column_empty et_pb_css_mix_blend_mode_passthrough\"><\/div><\/div><\/div>","protected":false},"excerpt":{"rendered":"","protected":false},"author":3,"featured_media":0,"parent":0,"menu_order":0,"comment_status":"closed","ping_status":"closed","template":"","meta":{"footnotes":""},"class_list":["post-74","page","type-page","status-publish","hentry"],"_links":{"self":[{"href":"https:\/\/teksmed.com\/fr\/wp-json\/wp\/v2\/pages\/74","targetHints":{"allow":["GET"]}}],"collection":[{"href":"https:\/\/teksmed.com\/fr\/wp-json\/wp\/v2\/pages"}],"about":[{"href":"https:\/\/teksmed.com\/fr\/wp-json\/wp\/v2\/types\/page"}],"author":[{"embeddable":true,"href":"https:\/\/teksmed.com\/fr\/wp-json\/wp\/v2\/users\/3"}],"replies":[{"embeddable":true,"href":"https:\/\/teksmed.com\/fr\/wp-json\/wp\/v2\/comments?post=74"}],"version-history":[{"count":1,"href":"https:\/\/teksmed.com\/fr\/wp-json\/wp\/v2\/pages\/74\/revisions"}],"predecessor-version":[{"id":237885,"href":"https:\/\/teksmed.com\/fr\/wp-json\/wp\/v2\/pages\/74\/revisions\/237885"}],"wp:attachment":[{"href":"https:\/\/teksmed.com\/fr\/wp-json\/wp\/v2\/media?parent=74"}],"curies":[{"name":"wp","href":"https:\/\/api.w.org\/{rel}","templated":true}]}}